{"id":3,"date":"2019-03-05T08:52:36","date_gmt":"2019-03-05T07:52:36","guid":{"rendered":"https:\/\/curit.dk\/?page_id=3"},"modified":"2026-04-15T09:26:34","modified_gmt":"2026-04-15T07:26:34","slug":"cookiepolitik","status":"publish","type":"page","link":"https:\/\/curit.dk\/en\/cookiepolitik\/","title":{"rendered":"Cookie policy"},"content":{"rendered":"<div data-elementor-type=\"wp-post\" data-elementor-id=\"3\" class=\"elementor elementor-3\" data-elementor-post-type=\"page\">\n\t\t\t\t<div class=\"elementor-element elementor-element-6f1700e e-flex e-con-boxed e-con e-child\" data-id=\"6f1700e\" data-element_type=\"container\" data-e-type=\"container\" data-settings=\"{&quot;background_background&quot;:&quot;classic&quot;}\">\n\t\t\t\t\t<div class=\"e-con-inner\">\n\t\t\t\t\t<\/div>\n\t\t\t\t<\/div>\n\t\t<div class=\"elementor-element elementor-element-f9eee1b e-flex e-con-boxed e-con e-parent\" data-id=\"f9eee1b\" data-element_type=\"container\" data-e-type=\"container\">\n\t\t\t\t\t<div class=\"e-con-inner\">\n\t\t<div class=\"elementor-element elementor-element-5686aab e-con-full e-flex e-con e-child\" data-id=\"5686aab\" data-element_type=\"container\" data-e-type=\"container\" data-settings=\"{&quot;background_background&quot;:&quot;classic&quot;}\">\n\t\t<div class=\"elementor-element elementor-element-a8965a5 e-con-full e-flex elementor-invisible e-con e-child\" data-id=\"a8965a5\" data-element_type=\"container\" data-e-type=\"container\" data-settings=\"{&quot;animation&quot;:&quot;fadeInRight&quot;}\">\n\t\t\t\t<div class=\"elementor-element elementor-element-9a69dee elementor-widget elementor-widget-heading\" data-id=\"9a69dee\" data-element_type=\"widget\" data-e-type=\"widget\" data-widget_type=\"heading.default\">\n\t\t\t\t<div class=\"elementor-widget-container\">\n\t\t\t\t\t<h2 class=\"elementor-heading-title elementor-size-default\">Hvad er cookies og hvad bruger vi det til?<\/h2>\t\t\t\t<\/div>\n\t\t\t\t<\/div>\n\t\t\t\t<div class=\"elementor-element elementor-element-ae01836 elementor-widget elementor-widget-text-editor\" data-id=\"ae01836\" data-element_type=\"widget\" data-e-type=\"widget\" data-widget_type=\"text-editor.default\">\n\t\t\t\t<div class=\"elementor-widget-container\">\n\t\t\t\t\t\t\t\t\t<p data-start=\"154\" data-end=\"340\">Cookies er sm\u00e5 tekstfiler, som gemmes p\u00e5 din enhed, n\u00e5r du bes\u00f8ger vores hjemmeside. De bruges til at f\u00e5 hjemmesiden til at fungere og til at give os indsigt i, hvordan den bliver brugt.<\/p><h3 data-section-id=\"1qyq9ik\" data-start=\"342\" data-end=\"378\"><span role=\"text\"><strong data-start=\"346\" data-end=\"376\">Hvordan bruger vi cookies?<\/strong><\/span><\/h3><p data-start=\"379\" data-end=\"902\">Vi bruger cookies til f\u00f8lgende form\u00e5l:<br data-start=\"417\" data-end=\"420\" \/><strong data-start=\"420\" data-end=\"442\">N\u00f8dvendige cookies<\/strong> \u2013 Disse cookies er n\u00f8dvendige for, at hjemmesiden fungerer korrekt og kan ikke frav\u00e6lges.<br data-start=\"532\" data-end=\"535\" \/><strong data-start=\"535\" data-end=\"548\">Statistik<\/strong> \u2013 Vi bruger cookies til at analysere brugen af hjemmesiden, s\u00e5 vi kan forbedre indhold og funktionalitet. Vi anvender fx <span class=\"hover:entity-accent entity-underline inline cursor-pointer align-baseline\"><span class=\"whitespace-normal\">Google Analytics<\/span><\/span> til dette form\u00e5l.<br data-start=\"725\" data-end=\"728\" \/><strong data-start=\"728\" data-end=\"741\">Marketing<\/strong> \u2013 <em data-start=\"744\" data-end=\"765\">(kun hvis relevant)<\/em> Vi kan bruge cookies til at m\u00e5le effekten af vores markedsf\u00f8ring og vise relevant indhold, fx via <span class=\"hover:entity-accent entity-underline inline cursor-pointer align-baseline\"><span class=\"whitespace-normal\">LinkedIn<\/span><\/span>.<\/p><h3 data-section-id=\"1pw15rl\" data-start=\"904\" data-end=\"922\"><span role=\"text\"><strong data-start=\"908\" data-end=\"920\">Samtykke<\/strong><\/span><\/h3><p data-start=\"923\" data-end=\"1129\">N\u00e5r du bes\u00f8ger vores hjemmeside f\u00f8rste gang, bliver du bedt om at tage stilling til brugen af cookies. Du kan til enhver tid \u00e6ndre eller tr\u00e6kke dit samtykke tilbage via cookieindstillinger nederst p\u00e5 siden.<\/p><h3 data-section-id=\"17qydvw\" data-start=\"1131\" data-end=\"1165\"><span role=\"text\"><strong data-start=\"1135\" data-end=\"1163\">Opbevaring og tredjepart<\/strong><\/span><\/h3><p data-start=\"1166\" data-end=\"1312\">Nogle cookies s\u00e6ttes af tredjeparter (fx Google), som kan behandle data p\u00e5 vores vegne. Opbevaringsperioden varierer afh\u00e6ngigt af typen af cookie.<\/p><h3 data-section-id=\"1a78eme\" data-start=\"1314\" data-end=\"1331\"><span role=\"text\"><strong data-start=\"1318\" data-end=\"1329\">Contact us<\/strong><\/span><\/h3><p data-start=\"1332\" data-end=\"1441\">Hvis du har sp\u00f8rgsm\u00e5l til vores brug af cookies, er du velkommen til at kontakte os.<\/p>\t\t\t\t\t\t\t\t<\/div>\n\t\t\t\t<\/div>\n\t\t\t\t<div class=\"elementor-element elementor-element-958a0d0 elementor-mobile-align-justify elementor-widget elementor-widget-button\" data-id=\"958a0d0\" data-element_type=\"widget\" data-e-type=\"widget\" data-widget_type=\"button.default\">\n\t\t\t\t<div class=\"elementor-widget-container\">\n\t\t\t\t\t\t\t\t\t<div class=\"elementor-button-wrapper\">\n\t\t\t\t\t<a class=\"elementor-button elementor-button-link elementor-size-sm\" href=\"https:\/\/curit.dk\/en\/kontakt\/\">\n\t\t\t\t\t\t<span class=\"elementor-button-content-wrapper\">\n\t\t\t\t\t\t\t\t\t<span class=\"elementor-button-text\">Contact us<\/span>\n\t\t\t\t\t<\/span>\n\t\t\t\t\t<\/a>\n\t\t\t\t<\/div>\n\t\t\t\t\t\t\t\t<\/div>\n\t\t\t\t<\/div>\n\t\t\t\t<\/div>\n\t\t\t\t<\/div>\n\t\t\t\t\t<\/div>\n\t\t\t\t<\/div>\n\t\t\t\t<\/div>","protected":false},"excerpt":{"rendered":"<p>Hvad er cookies og hvad bruger vi det til? Cookies er sm\u00e5 tekstfiler, som gemmes p\u00e5 din enhed, n\u00e5r du bes\u00f8ger vores hjemmeside. De bruges til at f\u00e5 hjemmesiden til at fungere og til at give os indsigt i, hvordan den bliver brugt. Hvordan bruger vi cookies? Vi bruger cookies til f\u00f8lgende form\u00e5l:N\u00f8dvendige cookies \u2013 [&hellip;]<\/p>\n","protected":false},"author":1,"featured_media":0,"parent":0,"menu_order":0,"comment_status":"closed","ping_status":"closed","template":"","meta":{"_acf_changed":false,"footnotes":""},"class_list":["post-3","page","type-page","status-publish","hentry"],"acf":[],"yoast_head":"<!-- This site is optimized with the Yoast SEO plugin v27.4 - https:\/\/yoast.com\/product\/yoast-seo-wordpress\/ -->\n<title>Cookiepolitik - Curit<\/title>\n<meta name=\"robots\" content=\"index, follow, max-snippet:-1, max-image-preview:large, max-video-preview:-1\" \/>\n<link rel=\"canonical\" href=\"https:\/\/curit.dk\/en\/cookiepolitik\/\" \/>\n<meta property=\"og:locale\" content=\"en_GB\" \/>\n<meta property=\"og:type\" content=\"article\" \/>\n<meta property=\"og:title\" content=\"Cookiepolitik - Curit\" \/>\n<meta property=\"og:description\" content=\"Hvad er cookies og hvad bruger vi det til? Cookies er sm\u00e5 tekstfiler, som gemmes p\u00e5 din enhed, n\u00e5r du bes\u00f8ger vores hjemmeside. De bruges til at f\u00e5 hjemmesiden til at fungere og til at give os indsigt i, hvordan den bliver brugt. Hvordan bruger vi cookies? Vi bruger cookies til f\u00f8lgende form\u00e5l:N\u00f8dvendige cookies \u2013 [&hellip;]\" \/>\n<meta property=\"og:url\" content=\"https:\/\/curit.dk\/en\/cookiepolitik\/\" \/>\n<meta property=\"og:site_name\" content=\"Curit\" \/>\n<meta property=\"article:modified_time\" content=\"2026-04-15T07:26:34+00:00\" \/>\n<meta name=\"twitter:card\" content=\"summary_large_image\" \/>\n<meta name=\"twitter:label1\" content=\"Estimated reading time\" \/>\n\t<meta name=\"twitter:data1\" content=\"2 minutes\" \/>\n<script type=\"application\/ld+json\" class=\"yoast-schema-graph\">{\"@context\":\"https:\\\/\\\/schema.org\",\"@graph\":[{\"@type\":\"WebPage\",\"@id\":\"https:\\\/\\\/curit.dk\\\/cookiepolitik\\\/\",\"url\":\"https:\\\/\\\/curit.dk\\\/cookiepolitik\\\/\",\"name\":\"Cookiepolitik - Curit\",\"isPartOf\":{\"@id\":\"https:\\\/\\\/curit.dk\\\/#website\"},\"datePublished\":\"2019-03-05T07:52:36+00:00\",\"dateModified\":\"2026-04-15T07:26:34+00:00\",\"inLanguage\":\"en-GB\",\"potentialAction\":[{\"@type\":\"ReadAction\",\"target\":[\"https:\\\/\\\/curit.dk\\\/cookiepolitik\\\/\"]}]},{\"@type\":\"WebSite\",\"@id\":\"https:\\\/\\\/curit.dk\\\/#website\",\"url\":\"https:\\\/\\\/curit.dk\\\/\",\"name\":\"Curit\",\"description\":\"\",\"publisher\":{\"@id\":\"https:\\\/\\\/curit.dk\\\/#organization\"},\"potentialAction\":[{\"@type\":\"SearchAction\",\"target\":{\"@type\":\"EntryPoint\",\"urlTemplate\":\"https:\\\/\\\/curit.dk\\\/?s={search_term_string}\"},\"query-input\":{\"@type\":\"PropertyValueSpecification\",\"valueRequired\":true,\"valueName\":\"search_term_string\"}}],\"inLanguage\":\"en-GB\"},{\"@type\":\"Organization\",\"@id\":\"https:\\\/\\\/curit.dk\\\/#organization\",\"name\":\"Curit\",\"url\":\"https:\\\/\\\/curit.dk\\\/\",\"logo\":{\"@type\":\"ImageObject\",\"inLanguage\":\"en-GB\",\"@id\":\"https:\\\/\\\/curit.dk\\\/#\\\/schema\\\/logo\\\/image\\\/\",\"url\":\"https:\\\/\\\/curit.dk\\\/wp-content\\\/uploads\\\/curit-logo-sort.svg\",\"contentUrl\":\"https:\\\/\\\/curit.dk\\\/wp-content\\\/uploads\\\/curit-logo-sort.svg\",\"width\":272,\"height\":54,\"caption\":\"Curit\"},\"image\":{\"@id\":\"https:\\\/\\\/curit.dk\\\/#\\\/schema\\\/logo\\\/image\\\/\"}}]}<\/script>\n<!-- \/ Yoast SEO plugin. -->","yoast_head_json":{"title":"Cookiepolitik - Curit","robots":{"index":"index","follow":"follow","max-snippet":"max-snippet:-1","max-image-preview":"max-image-preview:large","max-video-preview":"max-video-preview:-1"},"canonical":"https:\/\/curit.dk\/en\/cookiepolitik\/","og_locale":"en_GB","og_type":"article","og_title":"Cookiepolitik - Curit","og_description":"Hvad er cookies og hvad bruger vi det til? Cookies er sm\u00e5 tekstfiler, som gemmes p\u00e5 din enhed, n\u00e5r du bes\u00f8ger vores hjemmeside. De bruges til at f\u00e5 hjemmesiden til at fungere og til at give os indsigt i, hvordan den bliver brugt. Hvordan bruger vi cookies? Vi bruger cookies til f\u00f8lgende form\u00e5l:N\u00f8dvendige cookies \u2013 [&hellip;]","og_url":"https:\/\/curit.dk\/en\/cookiepolitik\/","og_site_name":"Curit","article_modified_time":"2026-04-15T07:26:34+00:00","twitter_card":"summary_large_image","twitter_misc":{"Estimated reading time":"2 minutes"},"schema":{"@context":"https:\/\/schema.org","@graph":[{"@type":"WebPage","@id":"https:\/\/curit.dk\/cookiepolitik\/","url":"https:\/\/curit.dk\/cookiepolitik\/","name":"Cookiepolitik - Curit","isPartOf":{"@id":"https:\/\/curit.dk\/#website"},"datePublished":"2019-03-05T07:52:36+00:00","dateModified":"2026-04-15T07:26:34+00:00","inLanguage":"en-GB","potentialAction":[{"@type":"ReadAction","target":["https:\/\/curit.dk\/cookiepolitik\/"]}]},{"@type":"WebSite","@id":"https:\/\/curit.dk\/#website","url":"https:\/\/curit.dk\/","name":"Curitis","description":"","publisher":{"@id":"https:\/\/curit.dk\/#organization"},"potentialAction":[{"@type":"SearchAction","target":{"@type":"EntryPoint","urlTemplate":"https:\/\/curit.dk\/?s={search_term_string}"},"query-input":{"@type":"PropertyValueSpecification","valueRequired":true,"valueName":"search_term_string"}}],"inLanguage":"en-GB"},{"@type":"Organization","@id":"https:\/\/curit.dk\/#organization","name":"Curitis","url":"https:\/\/curit.dk\/","logo":{"@type":"ImageObject","inLanguage":"en-GB","@id":"https:\/\/curit.dk\/#\/schema\/logo\/image\/","url":"https:\/\/curit.dk\/wp-content\/uploads\/curit-logo-sort.svg","contentUrl":"https:\/\/curit.dk\/wp-content\/uploads\/curit-logo-sort.svg","width":272,"height":54,"caption":"Curit"},"image":{"@id":"https:\/\/curit.dk\/#\/schema\/logo\/image\/"}}]}},"_links":{"self":[{"href":"https:\/\/curit.dk\/en\/wp-json\/wp\/v2\/pages\/3","targetHints":{"allow":["GET"]}}],"collection":[{"href":"https:\/\/curit.dk\/en\/wp-json\/wp\/v2\/pages"}],"about":[{"href":"https:\/\/curit.dk\/en\/wp-json\/wp\/v2\/types\/page"}],"author":[{"embeddable":true,"href":"https:\/\/curit.dk\/en\/wp-json\/wp\/v2\/users\/1"}],"replies":[{"embeddable":true,"href":"https:\/\/curit.dk\/en\/wp-json\/wp\/v2\/comments?post=3"}],"version-history":[{"count":20,"href":"https:\/\/curit.dk\/en\/wp-json\/wp\/v2\/pages\/3\/revisions"}],"predecessor-version":[{"id":5087,"href":"https:\/\/curit.dk\/en\/wp-json\/wp\/v2\/pages\/3\/revisions\/5087"}],"wp:attachment":[{"href":"https:\/\/curit.dk\/en\/wp-json\/wp\/v2\/media?parent=3"}],"curies":[{"name":"wp","href":"https:\/\/api.w.org\/{rel}","templated":true}]}}