{"id":3129,"date":"2025-10-29T10:55:23","date_gmt":"2025-10-29T09:55:23","guid":{"rendered":"https:\/\/curit.dk\/?page_id=3129"},"modified":"2026-04-16T10:39:50","modified_gmt":"2026-04-16T08:39:50","slug":"construction-and-construction-industry","status":"publish","type":"page","link":"https:\/\/curit.dk\/en\/brancher\/bygge-og-anlaegsbranchen\/","title":{"rendered":"Construction industry"},"content":{"rendered":"<div data-elementor-type=\"wp-post\" data-elementor-id=\"3129\" class=\"elementor elementor-3129\" data-elementor-post-type=\"page\">\n\t\t\t\t<div class=\"elementor-element elementor-element-eaf8c86 e-flex e-con-boxed e-con e-child\" data-id=\"eaf8c86\" data-element_type=\"container\" data-e-type=\"container\" data-settings=\"{&quot;background_background&quot;:&quot;classic&quot;}\">\n\t\t\t\t\t<div class=\"e-con-inner\">\n\t\t\t\t<div class=\"elementor-element elementor-element-f0cc22c elementor-invisible elementor-widget elementor-widget-heading\" data-id=\"f0cc22c\" data-element_type=\"widget\" data-e-type=\"widget\" data-settings=\"{&quot;_animation&quot;:&quot;fadeIn&quot;,&quot;_animation_delay&quot;:300}\" data-widget_type=\"heading.default\">\n\t\t\t\t<div class=\"elementor-widget-container\">\n\t\t\t\t\t<h5 class=\"elementor-heading-title elementor-size-default\">Get an overview in complex engineer-to-order projects<\/h5>\t\t\t\t<\/div>\n\t\t\t\t<\/div>\n\t\t\t\t\t<\/div>\n\t\t\t\t<\/div>\n\t\t<div class=\"elementor-element elementor-element-e4c0742 e-flex e-con-boxed e-con e-parent\" data-id=\"e4c0742\" data-element_type=\"container\" data-e-type=\"container\" data-settings=\"{&quot;background_background&quot;:&quot;classic&quot;}\">\n\t\t\t\t\t<div class=\"e-con-inner\">\n\t\t<div class=\"elementor-element elementor-element-42b15e6 e-con-full e-flex elementor-invisible e-con e-child\" data-id=\"42b15e6\" data-element_type=\"container\" data-e-type=\"container\" data-settings=\"{&quot;animation&quot;:&quot;fadeInLeft&quot;}\">\n\t\t\t\t<div class=\"elementor-element elementor-element-64f0998 elementor-widget elementor-widget-image\" data-id=\"64f0998\" data-element_type=\"widget\" data-e-type=\"widget\" data-widget_type=\"image.default\">\n\t\t\t\t<div class=\"elementor-widget-container\">\n\t\t\t\t\t\t\t\t\t\t\t\t\t\t\t<img fetchpriority=\"high\" decoding=\"async\" width=\"800\" height=\"534\" src=\"https:\/\/curit.dk\/wp-content\/uploads\/three-construction-workers-sitting-concrete-site-discussing-building-plans-119766226.webp\" class=\"attachment-full size-full wp-image-3939\" alt=\"\" srcset=\"https:\/\/curit.dk\/wp-content\/uploads\/three-construction-workers-sitting-concrete-site-discussing-building-plans-119766226.webp 800w, https:\/\/curit.dk\/wp-content\/uploads\/three-construction-workers-sitting-concrete-site-discussing-building-plans-119766226-300x200.webp 300w, https:\/\/curit.dk\/wp-content\/uploads\/three-construction-workers-sitting-concrete-site-discussing-building-plans-119766226-768x513.webp 768w, https:\/\/curit.dk\/wp-content\/uploads\/three-construction-workers-sitting-concrete-site-discussing-building-plans-119766226-18x12.webp 18w\" sizes=\"(max-width: 800px) 100vw, 800px\" \/>\t\t\t\t\t\t\t\t\t\t\t\t\t\t\t<\/div>\n\t\t\t\t<\/div>\n\t\t\t\t<\/div>\n\t\t<div class=\"elementor-element elementor-element-a6c2790 e-con-full e-flex elementor-invisible e-con e-child\" data-id=\"a6c2790\" data-element_type=\"container\" data-e-type=\"container\" data-settings=\"{&quot;animation&quot;:&quot;fadeInRight&quot;}\">\n\t\t\t\t<div class=\"elementor-element elementor-element-88f7ae9 elementor-widget elementor-widget-heading\" data-id=\"88f7ae9\" data-element_type=\"widget\" data-e-type=\"widget\" data-widget_type=\"heading.default\">\n\t\t\t\t<div class=\"elementor-widget-container\">\n\t\t\t\t\t<h2 class=\"elementor-heading-title elementor-size-default\">Construction industry<\/h2>\t\t\t\t<\/div>\n\t\t\t\t<\/div>\n\t\t\t\t<div class=\"elementor-element elementor-element-64459c9 elementor-widget elementor-widget-text-editor\" data-id=\"64459c9\" data-element_type=\"widget\" data-e-type=\"widget\" data-widget_type=\"text-editor.default\">\n\t\t\t\t<div class=\"elementor-widget-container\">\n\t\t\t\t\t\t\t\t\t<p>Many of our customers deliver technical plants and installations where the projects are complex and require coordination of resources, materials and specialised equipment. These can be offshore installations, maritime equipment, pumps or other industrial installations where quality, safety and traceability are crucial.<\/p><p>It's important to be able to manage projects, installations and service tasks across teams and locations. At the same time, documentation and compliance must be in place so that all assets and processes can be tracked throughout their lifecycle, including the subsequent service phase.<\/p>\t\t\t\t\t\t\t\t<\/div>\n\t\t\t\t<\/div>\n\t\t\t\t<div class=\"elementor-element elementor-element-a283d49 elementor-mobile-align-justify elementor-widget elementor-widget-button\" data-id=\"a283d49\" data-element_type=\"widget\" data-e-type=\"widget\" data-widget_type=\"button.default\">\n\t\t\t\t<div class=\"elementor-widget-container\">\n\t\t\t\t\t\t\t\t\t<div class=\"elementor-button-wrapper\">\n\t\t\t\t\t<a class=\"elementor-button elementor-button-link elementor-size-sm\" href=\"https:\/\/curit.dk\/en\/kontakt\/\">\n\t\t\t\t\t\t<span class=\"elementor-button-content-wrapper\">\n\t\t\t\t\t\t\t\t\t<span class=\"elementor-button-text\">Contact us<\/span>\n\t\t\t\t\t<\/span>\n\t\t\t\t\t<\/a>\n\t\t\t\t<\/div>\n\t\t\t\t\t\t\t\t<\/div>\n\t\t\t\t<\/div>\n\t\t\t\t<\/div>\n\t\t\t\t\t<\/div>\n\t\t\t\t<\/div>\n\t\t<div class=\"elementor-element elementor-element-f3e8333 e-flex e-con-boxed e-con e-parent\" data-id=\"f3e8333\" data-element_type=\"container\" data-e-type=\"container\" data-settings=\"{&quot;background_background&quot;:&quot;classic&quot;}\">\n\t\t\t\t\t<div class=\"e-con-inner\">\n\t\t<div class=\"elementor-element elementor-element-224b062 e-con-full e-flex e-con e-child\" data-id=\"224b062\" data-element_type=\"container\" data-e-type=\"container\" data-settings=\"{&quot;background_background&quot;:&quot;slideshow&quot;,&quot;background_slideshow_gallery&quot;:[],&quot;background_slideshow_loop&quot;:&quot;yes&quot;,&quot;background_slideshow_slide_duration&quot;:5000,&quot;background_slideshow_slide_transition&quot;:&quot;fade&quot;,&quot;background_slideshow_transition_duration&quot;:500}\">\n\t\t<div class=\"elementor-element elementor-element-616718e e-con-full e-flex elementor-invisible e-con e-child\" data-id=\"616718e\" data-element_type=\"container\" data-e-type=\"container\" data-settings=\"{&quot;animation&quot;:&quot;fadeInLeft&quot;}\">\n\t\t\t\t<\/div>\n\t\t<div class=\"elementor-element elementor-element-195df7c e-con-full e-flex elementor-invisible e-con e-child\" data-id=\"195df7c\" data-element_type=\"container\" data-e-type=\"container\" data-settings=\"{&quot;animation&quot;:&quot;fadeInRight&quot;}\">\n\t\t\t\t<div class=\"elementor-element elementor-element-5dbfab5 elementor-widget elementor-widget-heading\" data-id=\"5dbfab5\" data-element_type=\"widget\" data-e-type=\"widget\" data-widget_type=\"heading.default\">\n\t\t\t\t<div class=\"elementor-widget-container\">\n\t\t\t\t\t<h2 class=\"elementor-heading-title elementor-size-default\">From planning to execution and follow-up in one platform<\/h2>\t\t\t\t<\/div>\n\t\t\t\t<\/div>\n\t\t\t\t<div class=\"elementor-element elementor-element-ca53c2f elementor-widget elementor-widget-text-editor\" data-id=\"ca53c2f\" data-element_type=\"widget\" data-e-type=\"widget\" data-widget_type=\"text-editor.default\">\n\t\t\t\t<div class=\"elementor-widget-container\">\n\t\t\t\t\t\t\t\t\t<p>At Curit, we implement IFS Cloud so that all parts of project and facility management can be handled in one integrated solution.<\/p><p>This includes scheduling resources, managing materials and equipment, documenting completed tasks, and following up on contracts and finances. With one unified platform, both project managers and technicians get an overview of status, progress and costs, while data follows assets throughout their lifecycle. The result is better coordination between teams, more efficient project management and a solid data foundation for decision-making.<\/p>\t\t\t\t\t\t\t\t<\/div>\n\t\t\t\t<\/div>\n\t\t\t\t<\/div>\n\t\t\t\t<\/div>\n\t\t\t\t\t<\/div>\n\t\t\t\t<\/div>\n\t\t<div class=\"elementor-element elementor-element-a092ecb e-flex e-con-boxed e-con e-parent\" data-id=\"a092ecb\" data-element_type=\"container\" data-e-type=\"container\">\n\t\t\t\t\t<div class=\"e-con-inner\">\n\t\t<div class=\"elementor-element elementor-element-ab0ee6f e-con-full e-flex e-con e-child\" data-id=\"ab0ee6f\" data-element_type=\"container\" data-e-type=\"container\">\n\t\t<div class=\"elementor-element elementor-element-10fd6fd e-con-full e-flex e-con e-child\" data-id=\"10fd6fd\" data-element_type=\"container\" data-e-type=\"container\" data-settings=\"{&quot;background_background&quot;:&quot;classic&quot;}\">\n\t\t<div class=\"elementor-element elementor-element-dcec5d1 e-con-full e-flex e-con e-child\" data-id=\"dcec5d1\" data-element_type=\"container\" data-e-type=\"container\">\n\t\t<div class=\"elementor-element elementor-element-e2eb446 e-con-full e-flex e-con e-child\" data-id=\"e2eb446\" data-element_type=\"container\" data-e-type=\"container\">\n\t\t\t\t<div class=\"elementor-element elementor-element-f91e241 elementor-widget elementor-widget-heading\" data-id=\"f91e241\" data-element_type=\"widget\" data-e-type=\"widget\" data-widget_type=\"heading.default\">\n\t\t\t\t<div class=\"elementor-widget-container\">\n\t\t\t\t\t<h2 class=\"elementor-heading-title elementor-size-default\">Get more out of your IFS solution<\/h2>\t\t\t\t<\/div>\n\t\t\t\t<\/div>\n\t\t\t\t<div class=\"elementor-element elementor-element-94a5190 elementor-widget elementor-widget-text-editor\" data-id=\"94a5190\" data-element_type=\"widget\" data-e-type=\"widget\" data-widget_type=\"text-editor.default\">\n\t\t\t\t<div class=\"elementor-widget-container\">\n\t\t\t\t\t\t\t\t\t<p>We help companies adapt and optimise IFS to support their business in practice. With a focus on stable solutions, efficient workflows and close collaboration, we ensure that the system creates value - both in operation and in the long term.<\/p>\n<p>Contact us if you want to learn more about how we work.<\/p>\t\t\t\t\t\t\t\t<\/div>\n\t\t\t\t<\/div>\n\t\t\t\t<div class=\"elementor-element elementor-element-866295c elementor-mobile-align-justify elementor-widget elementor-widget-button\" data-id=\"866295c\" data-element_type=\"widget\" data-e-type=\"widget\" data-widget_type=\"button.default\">\n\t\t\t\t<div class=\"elementor-widget-container\">\n\t\t\t\t\t\t\t\t\t<div class=\"elementor-button-wrapper\">\n\t\t\t\t\t<a class=\"elementor-button elementor-button-link elementor-size-sm\" href=\"https:\/\/curit.dk\/en\/kontakt\/\">\n\t\t\t\t\t\t<span class=\"elementor-button-content-wrapper\">\n\t\t\t\t\t\t\t\t\t<span class=\"elementor-button-text\">Contact Curit<\/span>\n\t\t\t\t\t<\/span>\n\t\t\t\t\t<\/a>\n\t\t\t\t<\/div>\n\t\t\t\t\t\t\t\t<\/div>\n\t\t\t\t<\/div>\n\t\t\t\t<\/div>\n\t\t<div class=\"elementor-element elementor-element-cda7043 e-con-full e-flex e-con e-child\" data-id=\"cda7043\" data-element_type=\"container\" data-e-type=\"container\">\n\t\t\t\t<div class=\"elementor-element elementor-element-ae88d92 elementor-widget elementor-widget-image\" data-id=\"ae88d92\" data-element_type=\"widget\" data-e-type=\"widget\" data-widget_type=\"image.default\">\n\t\t\t\t<div class=\"elementor-widget-container\">\n\t\t\t\t\t\t\t\t\t\t\t\t\t\t\t<img decoding=\"async\" width=\"800\" height=\"534\" src=\"https:\/\/curit.dk\/wp-content\/uploads\/Curit_stemning_dag2-039-1024x683.jpg\" class=\"attachment-large size-large wp-image-3067\" alt=\"\" srcset=\"https:\/\/curit.dk\/wp-content\/uploads\/Curit_stemning_dag2-039-1024x683.jpg 1024w, https:\/\/curit.dk\/wp-content\/uploads\/Curit_stemning_dag2-039-300x200.jpg 300w, https:\/\/curit.dk\/wp-content\/uploads\/Curit_stemning_dag2-039-768x512.jpg 768w, https:\/\/curit.dk\/wp-content\/uploads\/Curit_stemning_dag2-039-1536x1024.jpg 1536w, https:\/\/curit.dk\/wp-content\/uploads\/Curit_stemning_dag2-039-scaled.jpg 2048w, https:\/\/curit.dk\/wp-content\/uploads\/Curit_stemning_dag2-039-18x12.jpg 18w\" sizes=\"(max-width: 800px) 100vw, 800px\" \/>\t\t\t\t\t\t\t\t\t\t\t\t\t\t\t<\/div>\n\t\t\t\t<\/div>\n\t\t\t\t<\/div>\n\t\t\t\t<\/div>\n\t\t\t\t<\/div>\n\t\t\t\t<\/div>\n\t\t\t\t\t<\/div>\n\t\t\t\t<\/div>\n\t\t\t\t<\/div>","protected":false},"excerpt":{"rendered":"<p>Skab overblik i komplekse engineer-to-order-projekter Bygge og anl\u00e6gsbranchen Mange af vores kunder leverer tekniske anl\u00e6g og installationer, hvor projekterne er komplekse og kr\u00e6ver koordinering af ressourcer, materialer og specialiseret udstyr. Det kan v\u00e6re offshore\u2011installationer, maritimt udstyr, pumper eller andre industrielle anl\u00e6g, hvor kvalitet, sikkerhed og sporbarhed er afg\u00f8rende. Her er det vigtigt at kunne styre [&hellip;]<\/p>\n","protected":false},"author":1,"featured_media":0,"parent":1587,"menu_order":0,"comment_status":"closed","ping_status":"closed","template":"","meta":{"_acf_changed":false,"footnotes":""},"class_list":["post-3129","page","type-page","status-publish","hentry"],"acf":[],"yoast_head":"<!-- This site is optimized with the Yoast SEO plugin v27.4 - https:\/\/yoast.com\/product\/yoast-seo-wordpress\/ -->\n<title>Bygge og anl\u00e6gsbranchen - Curit<\/title>\n<meta name=\"robots\" content=\"index, follow, max-snippet:-1, max-image-preview:large, max-video-preview:-1\" \/>\n<link rel=\"canonical\" href=\"https:\/\/curit.dk\/en\/plug-in\/construction-and-construction-industry\/\" \/>\n<meta property=\"og:locale\" content=\"en_GB\" \/>\n<meta property=\"og:type\" content=\"article\" \/>\n<meta property=\"og:title\" content=\"Bygge og anl\u00e6gsbranchen - Curit\" \/>\n<meta property=\"og:description\" content=\"Skab overblik i komplekse engineer-to-order-projekter Bygge og anl\u00e6gsbranchen Mange af vores kunder leverer tekniske anl\u00e6g og installationer, hvor projekterne er komplekse og kr\u00e6ver koordinering af ressourcer, materialer og specialiseret udstyr. Det kan v\u00e6re offshore\u2011installationer, maritimt udstyr, pumper eller andre industrielle anl\u00e6g, hvor kvalitet, sikkerhed og sporbarhed er afg\u00f8rende. Her er det vigtigt at kunne styre [&hellip;]\" \/>\n<meta property=\"og:url\" content=\"https:\/\/curit.dk\/en\/plug-in\/construction-and-construction-industry\/\" \/>\n<meta property=\"og:site_name\" content=\"Curit\" \/>\n<meta property=\"article:modified_time\" content=\"2026-04-16T08:39:50+00:00\" \/>\n<meta property=\"og:image\" content=\"https:\/\/curit.dk\/wp-content\/uploads\/three-construction-workers-sitting-concrete-site-discussing-building-plans-119766226.webp\" \/>\n\t<meta property=\"og:image:width\" content=\"800\" \/>\n\t<meta property=\"og:image:height\" content=\"534\" \/>\n\t<meta property=\"og:image:type\" content=\"image\/webp\" \/>\n<meta name=\"twitter:card\" content=\"summary_large_image\" \/>\n<meta name=\"twitter:label1\" content=\"Estimated reading time\" \/>\n\t<meta name=\"twitter:data1\" content=\"2 minutes\" \/>\n<script type=\"application\/ld+json\" class=\"yoast-schema-graph\">{\"@context\":\"https:\\\/\\\/schema.org\",\"@graph\":[{\"@type\":\"WebPage\",\"@id\":\"https:\\\/\\\/curit.dk\\\/brancher\\\/bygge-og-anlaegsbranchen\\\/\",\"url\":\"https:\\\/\\\/curit.dk\\\/brancher\\\/bygge-og-anlaegsbranchen\\\/\",\"name\":\"Bygge og anl\u00e6gsbranchen - Curit\",\"isPartOf\":{\"@id\":\"https:\\\/\\\/curit.dk\\\/#website\"},\"primaryImageOfPage\":{\"@id\":\"https:\\\/\\\/curit.dk\\\/brancher\\\/bygge-og-anlaegsbranchen\\\/#primaryimage\"},\"image\":{\"@id\":\"https:\\\/\\\/curit.dk\\\/brancher\\\/bygge-og-anlaegsbranchen\\\/#primaryimage\"},\"thumbnailUrl\":\"https:\\\/\\\/curit.dk\\\/wp-content\\\/uploads\\\/three-construction-workers-sitting-concrete-site-discussing-building-plans-119766226.webp\",\"datePublished\":\"2025-10-29T09:55:23+00:00\",\"dateModified\":\"2026-04-16T08:39:50+00:00\",\"breadcrumb\":{\"@id\":\"https:\\\/\\\/curit.dk\\\/brancher\\\/bygge-og-anlaegsbranchen\\\/#breadcrumb\"},\"inLanguage\":\"en-GB\",\"potentialAction\":[{\"@type\":\"ReadAction\",\"target\":[\"https:\\\/\\\/curit.dk\\\/brancher\\\/bygge-og-anlaegsbranchen\\\/\"]}]},{\"@type\":\"ImageObject\",\"inLanguage\":\"en-GB\",\"@id\":\"https:\\\/\\\/curit.dk\\\/brancher\\\/bygge-og-anlaegsbranchen\\\/#primaryimage\",\"url\":\"https:\\\/\\\/curit.dk\\\/wp-content\\\/uploads\\\/three-construction-workers-sitting-concrete-site-discussing-building-plans-119766226.webp\",\"contentUrl\":\"https:\\\/\\\/curit.dk\\\/wp-content\\\/uploads\\\/three-construction-workers-sitting-concrete-site-discussing-building-plans-119766226.webp\"},{\"@type\":\"BreadcrumbList\",\"@id\":\"https:\\\/\\\/curit.dk\\\/brancher\\\/bygge-og-anlaegsbranchen\\\/#breadcrumb\",\"itemListElement\":[{\"@type\":\"ListItem\",\"position\":1,\"name\":\"Brancher\",\"item\":\"https:\\\/\\\/curit.dk\\\/brancher\\\/\"},{\"@type\":\"ListItem\",\"position\":2,\"name\":\"Bygge og anl\u00e6gsbranchen\"}]},{\"@type\":\"WebSite\",\"@id\":\"https:\\\/\\\/curit.dk\\\/#website\",\"url\":\"https:\\\/\\\/curit.dk\\\/\",\"name\":\"Curit\",\"description\":\"\",\"publisher\":{\"@id\":\"https:\\\/\\\/curit.dk\\\/#organization\"},\"potentialAction\":[{\"@type\":\"SearchAction\",\"target\":{\"@type\":\"EntryPoint\",\"urlTemplate\":\"https:\\\/\\\/curit.dk\\\/?s={search_term_string}\"},\"query-input\":{\"@type\":\"PropertyValueSpecification\",\"valueRequired\":true,\"valueName\":\"search_term_string\"}}],\"inLanguage\":\"en-GB\"},{\"@type\":\"Organization\",\"@id\":\"https:\\\/\\\/curit.dk\\\/#organization\",\"name\":\"Curit\",\"url\":\"https:\\\/\\\/curit.dk\\\/\",\"logo\":{\"@type\":\"ImageObject\",\"inLanguage\":\"en-GB\",\"@id\":\"https:\\\/\\\/curit.dk\\\/#\\\/schema\\\/logo\\\/image\\\/\",\"url\":\"https:\\\/\\\/curit.dk\\\/wp-content\\\/uploads\\\/curit-logo-sort.svg\",\"contentUrl\":\"https:\\\/\\\/curit.dk\\\/wp-content\\\/uploads\\\/curit-logo-sort.svg\",\"width\":272,\"height\":54,\"caption\":\"Curit\"},\"image\":{\"@id\":\"https:\\\/\\\/curit.dk\\\/#\\\/schema\\\/logo\\\/image\\\/\"}}]}<\/script>\n<!-- \/ Yoast SEO plugin. -->","yoast_head_json":{"title":"Construction industry - Curit","robots":{"index":"index","follow":"follow","max-snippet":"max-snippet:-1","max-image-preview":"max-image-preview:large","max-video-preview":"max-video-preview:-1"},"canonical":"https:\/\/curit.dk\/en\/plug-in\/construction-and-construction-industry\/","og_locale":"en_GB","og_type":"article","og_title":"Bygge og anl\u00e6gsbranchen - Curit","og_description":"Skab overblik i komplekse engineer-to-order-projekter Bygge og anl\u00e6gsbranchen Mange af vores kunder leverer tekniske anl\u00e6g og installationer, hvor projekterne er komplekse og kr\u00e6ver koordinering af ressourcer, materialer og specialiseret udstyr. Det kan v\u00e6re offshore\u2011installationer, maritimt udstyr, pumper eller andre industrielle anl\u00e6g, hvor kvalitet, sikkerhed og sporbarhed er afg\u00f8rende. Her er det vigtigt at kunne styre [&hellip;]","og_url":"https:\/\/curit.dk\/en\/plug-in\/construction-and-construction-industry\/","og_site_name":"Curit","article_modified_time":"2026-04-16T08:39:50+00:00","og_image":[{"width":800,"height":534,"url":"https:\/\/curit.dk\/wp-content\/uploads\/three-construction-workers-sitting-concrete-site-discussing-building-plans-119766226.webp","type":"image\/webp"}],"twitter_card":"summary_large_image","twitter_misc":{"Estimated reading time":"2 minutes"},"schema":{"@context":"https:\/\/schema.org","@graph":[{"@type":"WebPage","@id":"https:\/\/curit.dk\/brancher\/bygge-og-anlaegsbranchen\/","url":"https:\/\/curit.dk\/brancher\/bygge-og-anlaegsbranchen\/","name":"Construction industry - Curit","isPartOf":{"@id":"https:\/\/curit.dk\/#website"},"primaryImageOfPage":{"@id":"https:\/\/curit.dk\/brancher\/bygge-og-anlaegsbranchen\/#primaryimage"},"image":{"@id":"https:\/\/curit.dk\/brancher\/bygge-og-anlaegsbranchen\/#primaryimage"},"thumbnailUrl":"https:\/\/curit.dk\/wp-content\/uploads\/three-construction-workers-sitting-concrete-site-discussing-building-plans-119766226.webp","datePublished":"2025-10-29T09:55:23+00:00","dateModified":"2026-04-16T08:39:50+00:00","breadcrumb":{"@id":"https:\/\/curit.dk\/brancher\/bygge-og-anlaegsbranchen\/#breadcrumb"},"inLanguage":"en-GB","potentialAction":[{"@type":"ReadAction","target":["https:\/\/curit.dk\/brancher\/bygge-og-anlaegsbranchen\/"]}]},{"@type":"ImageObject","inLanguage":"en-GB","@id":"https:\/\/curit.dk\/brancher\/bygge-og-anlaegsbranchen\/#primaryimage","url":"https:\/\/curit.dk\/wp-content\/uploads\/three-construction-workers-sitting-concrete-site-discussing-building-plans-119766226.webp","contentUrl":"https:\/\/curit.dk\/wp-content\/uploads\/three-construction-workers-sitting-concrete-site-discussing-building-plans-119766226.webp"},{"@type":"BreadcrumbList","@id":"https:\/\/curit.dk\/brancher\/bygge-og-anlaegsbranchen\/#breadcrumb","itemListElement":[{"@type":"ListItem","position":1,"name":"Brancher","item":"https:\/\/curit.dk\/brancher\/"},{"@type":"ListItem","position":2,"name":"Bygge og anl\u00e6gsbranchen"}]},{"@type":"WebSite","@id":"https:\/\/curit.dk\/#website","url":"https:\/\/curit.dk\/","name":"Curitis","description":"","publisher":{"@id":"https:\/\/curit.dk\/#organization"},"potentialAction":[{"@type":"SearchAction","target":{"@type":"EntryPoint","urlTemplate":"https:\/\/curit.dk\/?s={search_term_string}"},"query-input":{"@type":"PropertyValueSpecification","valueRequired":true,"valueName":"search_term_string"}}],"inLanguage":"en-GB"},{"@type":"Organization","@id":"https:\/\/curit.dk\/#organization","name":"Curitis","url":"https:\/\/curit.dk\/","logo":{"@type":"ImageObject","inLanguage":"en-GB","@id":"https:\/\/curit.dk\/#\/schema\/logo\/image\/","url":"https:\/\/curit.dk\/wp-content\/uploads\/curit-logo-sort.svg","contentUrl":"https:\/\/curit.dk\/wp-content\/uploads\/curit-logo-sort.svg","width":272,"height":54,"caption":"Curit"},"image":{"@id":"https:\/\/curit.dk\/#\/schema\/logo\/image\/"}}]}},"_links":{"self":[{"href":"https:\/\/curit.dk\/en\/wp-json\/wp\/v2\/pages\/3129","targetHints":{"allow":["GET"]}}],"collection":[{"href":"https:\/\/curit.dk\/en\/wp-json\/wp\/v2\/pages"}],"about":[{"href":"https:\/\/curit.dk\/en\/wp-json\/wp\/v2\/types\/page"}],"author":[{"embeddable":true,"href":"https:\/\/curit.dk\/en\/wp-json\/wp\/v2\/users\/1"}],"replies":[{"embeddable":true,"href":"https:\/\/curit.dk\/en\/wp-json\/wp\/v2\/comments?post=3129"}],"version-history":[{"count":20,"href":"https:\/\/curit.dk\/en\/wp-json\/wp\/v2\/pages\/3129\/revisions"}],"predecessor-version":[{"id":5204,"href":"https:\/\/curit.dk\/en\/wp-json\/wp\/v2\/pages\/3129\/revisions\/5204"}],"up":[{"embeddable":true,"href":"https:\/\/curit.dk\/en\/wp-json\/wp\/v2\/pages\/1587"}],"wp:attachment":[{"href":"https:\/\/curit.dk\/en\/wp-json\/wp\/v2\/media?parent=3129"}],"curies":[{"name":"wp","href":"https:\/\/api.w.org\/{rel}","templated":true}]}}