{"id":3145,"date":"2025-10-29T10:58:16","date_gmt":"2025-10-29T09:58:16","guid":{"rendered":"https:\/\/curit.dk\/?page_id=3145"},"modified":"2026-04-16T10:12:37","modified_gmt":"2026-04-16T08:12:37","slug":"service","status":"publish","type":"page","link":"https:\/\/curit.dk\/en\/brancher\/service\/","title":{"rendered":"Service"},"content":{"rendered":"<div data-elementor-type=\"wp-post\" data-elementor-id=\"3145\" class=\"elementor elementor-3145\" data-elementor-post-type=\"page\">\n\t\t\t\t<div class=\"elementor-element elementor-element-eaf8c86 e-flex e-con-boxed e-con e-child\" data-id=\"eaf8c86\" data-element_type=\"container\" data-e-type=\"container\" data-settings=\"{&quot;background_background&quot;:&quot;classic&quot;}\">\n\t\t\t\t\t<div class=\"e-con-inner\">\n\t\t\t\t<div class=\"elementor-element elementor-element-f0cc22c elementor-invisible elementor-widget elementor-widget-heading\" data-id=\"f0cc22c\" data-element_type=\"widget\" data-e-type=\"widget\" data-settings=\"{&quot;_animation&quot;:&quot;fadeIn&quot;,&quot;_animation_delay&quot;:300}\" data-widget_type=\"heading.default\">\n\t\t\t\t<div class=\"elementor-widget-container\">\n\t\t\t\t\t<h5 class=\"elementor-heading-title elementor-size-default\">Specialised services, operations and maintenance across customers and locations<\/h5>\t\t\t\t<\/div>\n\t\t\t\t<\/div>\n\t\t\t\t\t<\/div>\n\t\t\t\t<\/div>\n\t\t<div class=\"elementor-element elementor-element-e4c0742 e-flex e-con-boxed e-con e-parent\" data-id=\"e4c0742\" data-element_type=\"container\" data-e-type=\"container\" data-settings=\"{&quot;background_background&quot;:&quot;classic&quot;}\">\n\t\t\t\t\t<div class=\"e-con-inner\">\n\t\t<div class=\"elementor-element elementor-element-42b15e6 e-con-full e-flex elementor-invisible e-con e-child\" data-id=\"42b15e6\" data-element_type=\"container\" data-e-type=\"container\" data-settings=\"{&quot;animation&quot;:&quot;fadeInLeft&quot;}\">\n\t\t\t\t<div class=\"elementor-element elementor-element-64f0998 elementor-widget elementor-widget-image\" data-id=\"64f0998\" data-element_type=\"widget\" data-e-type=\"widget\" data-widget_type=\"image.default\">\n\t\t\t\t<div class=\"elementor-widget-container\">\n\t\t\t\t\t\t\t\t\t\t\t\t\t\t\t<img fetchpriority=\"high\" decoding=\"async\" width=\"1365\" height=\"2048\" src=\"https:\/\/curit.dk\/wp-content\/uploads\/pexels-marianna-zuzanna-498248397-16442679-scaled.jpg\" class=\"attachment-full size-full wp-image-3958\" alt=\"\" srcset=\"https:\/\/curit.dk\/wp-content\/uploads\/pexels-marianna-zuzanna-498248397-16442679-scaled.jpg 1365w, https:\/\/curit.dk\/wp-content\/uploads\/pexels-marianna-zuzanna-498248397-16442679-200x300.jpg 200w, https:\/\/curit.dk\/wp-content\/uploads\/pexels-marianna-zuzanna-498248397-16442679-683x1024.jpg 683w, https:\/\/curit.dk\/wp-content\/uploads\/pexels-marianna-zuzanna-498248397-16442679-768x1152.jpg 768w, https:\/\/curit.dk\/wp-content\/uploads\/pexels-marianna-zuzanna-498248397-16442679-1024x1536.jpg 1024w, https:\/\/curit.dk\/wp-content\/uploads\/pexels-marianna-zuzanna-498248397-16442679-8x12.jpg 8w\" sizes=\"(max-width: 1365px) 100vw, 1365px\" \/>\t\t\t\t\t\t\t\t\t\t\t\t\t\t\t<\/div>\n\t\t\t\t<\/div>\n\t\t\t\t<\/div>\n\t\t<div class=\"elementor-element elementor-element-a6c2790 e-con-full e-flex elementor-invisible e-con e-child\" data-id=\"a6c2790\" data-element_type=\"container\" data-e-type=\"container\" data-settings=\"{&quot;animation&quot;:&quot;fadeInRight&quot;}\">\n\t\t\t\t<div class=\"elementor-element elementor-element-88f7ae9 elementor-widget elementor-widget-heading\" data-id=\"88f7ae9\" data-element_type=\"widget\" data-e-type=\"widget\" data-widget_type=\"heading.default\">\n\t\t\t\t<div class=\"elementor-widget-container\">\n\t\t\t\t\t<h2 class=\"elementor-heading-title elementor-size-default\">Service<\/h2>\t\t\t\t<\/div>\n\t\t\t\t<\/div>\n\t\t\t\t<div class=\"elementor-element elementor-element-64459c9 elementor-widget elementor-widget-text-editor\" data-id=\"64459c9\" data-element_type=\"widget\" data-e-type=\"widget\" data-widget_type=\"text-editor.default\">\n\t\t\t\t<div class=\"elementor-widget-container\">\n\t\t\t\t\t\t\t\t\t<p data-start=\"201\" data-end=\"491\">In service organisations, deliverables are often project or contract-based. It could be installation, technical service, maintenance, facility management or other specialised services. What they all have in common is the need to manage resources, agreements and finances - often across teams and locations.<\/p><p data-start=\"493\" data-end=\"731\">Challenges arise when planning, time tracking, material consumption and invoicing are not closely linked. This can create uncertainty in project finances and make it difficult to follow up on earnings, capacity and performance.<\/p>\t\t\t\t\t\t\t\t<\/div>\n\t\t\t\t<\/div>\n\t\t\t\t<div class=\"elementor-element elementor-element-a283d49 elementor-mobile-align-justify elementor-widget elementor-widget-button\" data-id=\"a283d49\" data-element_type=\"widget\" data-e-type=\"widget\" data-widget_type=\"button.default\">\n\t\t\t\t<div class=\"elementor-widget-container\">\n\t\t\t\t\t\t\t\t\t<div class=\"elementor-button-wrapper\">\n\t\t\t\t\t<a class=\"elementor-button elementor-button-link elementor-size-sm\" href=\"https:\/\/curit.dk\/en\/kontakt\/\">\n\t\t\t\t\t\t<span class=\"elementor-button-content-wrapper\">\n\t\t\t\t\t\t\t\t\t<span class=\"elementor-button-text\">Contact us<\/span>\n\t\t\t\t\t<\/span>\n\t\t\t\t\t<\/a>\n\t\t\t\t<\/div>\n\t\t\t\t\t\t\t\t<\/div>\n\t\t\t\t<\/div>\n\t\t\t\t<\/div>\n\t\t\t\t\t<\/div>\n\t\t\t\t<\/div>\n\t\t<div class=\"elementor-element elementor-element-72780a8 e-flex e-con-boxed e-con e-parent\" data-id=\"72780a8\" data-element_type=\"container\" data-e-type=\"container\" data-settings=\"{&quot;background_background&quot;:&quot;classic&quot;}\">\n\t\t\t\t\t<div class=\"e-con-inner\">\n\t\t<div class=\"elementor-element elementor-element-0422f4c e-con-full e-flex e-con e-child\" data-id=\"0422f4c\" data-element_type=\"container\" data-e-type=\"container\" data-settings=\"{&quot;background_background&quot;:&quot;slideshow&quot;,&quot;background_slideshow_gallery&quot;:[],&quot;background_slideshow_loop&quot;:&quot;yes&quot;,&quot;background_slideshow_slide_duration&quot;:5000,&quot;background_slideshow_slide_transition&quot;:&quot;fade&quot;,&quot;background_slideshow_transition_duration&quot;:500}\">\n\t\t<div class=\"elementor-element elementor-element-359804f e-con-full e-flex elementor-invisible e-con e-child\" data-id=\"359804f\" data-element_type=\"container\" data-e-type=\"container\" data-settings=\"{&quot;animation&quot;:&quot;fadeInLeft&quot;}\">\n\t\t\t\t<\/div>\n\t\t<div class=\"elementor-element elementor-element-019edda e-con-full e-flex elementor-invisible e-con e-child\" data-id=\"019edda\" data-element_type=\"container\" data-e-type=\"container\" data-settings=\"{&quot;animation&quot;:&quot;fadeInRight&quot;}\">\n\t\t\t\t<div class=\"elementor-element elementor-element-a88ff43 elementor-widget elementor-widget-heading\" data-id=\"a88ff43\" data-element_type=\"widget\" data-e-type=\"widget\" data-widget_type=\"heading.default\">\n\t\t\t\t<div class=\"elementor-widget-container\">\n\t\t\t\t\t<h2 class=\"elementor-heading-title elementor-size-default\">Optimise service operations with real-time insights and intelligent scheduling<\/h2>\t\t\t\t<\/div>\n\t\t\t\t<\/div>\n\t\t\t\t<div class=\"elementor-element elementor-element-8e37be4 elementor-widget elementor-widget-text-editor\" data-id=\"8e37be4\" data-element_type=\"widget\" data-e-type=\"widget\" data-widget_type=\"text-editor.default\">\n\t\t\t\t<div class=\"elementor-widget-container\">\n\t\t\t\t\t\t\t\t\t<p data-start=\"793\" data-end=\"894\">At Curit, we implement IFS Cloud to bring the entire service business together in one integrated solution.<\/p><p data-start=\"896\" data-end=\"1204\">It manages contracts, projects, technician scheduling, routing, service orders, and time and materials tracking - directly linked to finance and invoicing. When data is recorded in one place and shared across the organisation, both management and operations get a clear picture of capacity, progress and earnings.<\/p><p data-start=\"1206\" data-end=\"1366\">The result is better service delivery management, more transparent project finances and a platform that supports both growth and continuous optimisation of operations.<\/p>\t\t\t\t\t\t\t\t<\/div>\n\t\t\t\t<\/div>\n\t\t\t\t<\/div>\n\t\t\t\t<\/div>\n\t\t\t\t\t<\/div>\n\t\t\t\t<\/div>\n\t\t<div class=\"elementor-element elementor-element-bcc8678 e-flex e-con-boxed e-con e-parent\" data-id=\"bcc8678\" data-element_type=\"container\" data-e-type=\"container\">\n\t\t\t\t\t<div class=\"e-con-inner\">\n\t\t<div class=\"elementor-element elementor-element-77d9649 e-con-full e-flex e-con e-child\" data-id=\"77d9649\" data-element_type=\"container\" data-e-type=\"container\">\n\t\t<div class=\"elementor-element elementor-element-d7090c6 e-con-full e-flex e-con e-child\" data-id=\"d7090c6\" data-element_type=\"container\" data-e-type=\"container\" data-settings=\"{&quot;background_background&quot;:&quot;classic&quot;}\">\n\t\t<div class=\"elementor-element elementor-element-7d7397b e-con-full e-flex e-con e-child\" data-id=\"7d7397b\" data-element_type=\"container\" data-e-type=\"container\">\n\t\t<div class=\"elementor-element elementor-element-3de18f2 e-con-full e-flex e-con e-child\" data-id=\"3de18f2\" data-element_type=\"container\" data-e-type=\"container\">\n\t\t\t\t<div class=\"elementor-element elementor-element-fedbc07 elementor-widget elementor-widget-heading\" data-id=\"fedbc07\" data-element_type=\"widget\" data-e-type=\"widget\" data-widget_type=\"heading.default\">\n\t\t\t\t<div class=\"elementor-widget-container\">\n\t\t\t\t\t<h2 class=\"elementor-heading-title elementor-size-default\">Get more out of your IFS solution<\/h2>\t\t\t\t<\/div>\n\t\t\t\t<\/div>\n\t\t\t\t<div class=\"elementor-element elementor-element-77bbbd6 elementor-widget elementor-widget-text-editor\" data-id=\"77bbbd6\" data-element_type=\"widget\" data-e-type=\"widget\" data-widget_type=\"text-editor.default\">\n\t\t\t\t<div class=\"elementor-widget-container\">\n\t\t\t\t\t\t\t\t\t<p>We help companies adapt and optimise IFS to support their business in practice. With a focus on stable solutions, efficient workflows and close collaboration, we ensure that the system creates value - both in operation and in the long term.<\/p>\n<p>Contact us if you want to learn more about how we work.<\/p>\t\t\t\t\t\t\t\t<\/div>\n\t\t\t\t<\/div>\n\t\t\t\t<div class=\"elementor-element elementor-element-ef64c4d elementor-mobile-align-justify elementor-widget elementor-widget-button\" data-id=\"ef64c4d\" data-element_type=\"widget\" data-e-type=\"widget\" data-widget_type=\"button.default\">\n\t\t\t\t<div class=\"elementor-widget-container\">\n\t\t\t\t\t\t\t\t\t<div class=\"elementor-button-wrapper\">\n\t\t\t\t\t<a class=\"elementor-button elementor-button-link elementor-size-sm\" href=\"https:\/\/curit.dk\/en\/kontakt\/\">\n\t\t\t\t\t\t<span class=\"elementor-button-content-wrapper\">\n\t\t\t\t\t\t\t\t\t<span class=\"elementor-button-text\">Contact Curit<\/span>\n\t\t\t\t\t<\/span>\n\t\t\t\t\t<\/a>\n\t\t\t\t<\/div>\n\t\t\t\t\t\t\t\t<\/div>\n\t\t\t\t<\/div>\n\t\t\t\t<\/div>\n\t\t<div class=\"elementor-element elementor-element-ab9f905 e-con-full e-flex e-con e-child\" data-id=\"ab9f905\" data-element_type=\"container\" data-e-type=\"container\">\n\t\t\t\t<div class=\"elementor-element elementor-element-58afc33 elementor-widget elementor-widget-image\" data-id=\"58afc33\" data-element_type=\"widget\" data-e-type=\"widget\" data-widget_type=\"image.default\">\n\t\t\t\t<div class=\"elementor-widget-container\">\n\t\t\t\t\t\t\t\t\t\t\t\t\t\t\t<img decoding=\"async\" width=\"800\" height=\"534\" src=\"https:\/\/curit.dk\/wp-content\/uploads\/Curit_stemning_dag2-039-1024x683.jpg\" class=\"attachment-large size-large wp-image-3067\" alt=\"\" srcset=\"https:\/\/curit.dk\/wp-content\/uploads\/Curit_stemning_dag2-039-1024x683.jpg 1024w, https:\/\/curit.dk\/wp-content\/uploads\/Curit_stemning_dag2-039-300x200.jpg 300w, https:\/\/curit.dk\/wp-content\/uploads\/Curit_stemning_dag2-039-768x512.jpg 768w, https:\/\/curit.dk\/wp-content\/uploads\/Curit_stemning_dag2-039-1536x1024.jpg 1536w, https:\/\/curit.dk\/wp-content\/uploads\/Curit_stemning_dag2-039-scaled.jpg 2048w, https:\/\/curit.dk\/wp-content\/uploads\/Curit_stemning_dag2-039-18x12.jpg 18w\" sizes=\"(max-width: 800px) 100vw, 800px\" \/>\t\t\t\t\t\t\t\t\t\t\t\t\t\t\t<\/div>\n\t\t\t\t<\/div>\n\t\t\t\t<\/div>\n\t\t\t\t<\/div>\n\t\t\t\t<\/div>\n\t\t\t\t<\/div>\n\t\t\t\t\t<\/div>\n\t\t\t\t<\/div>\n\t\t\t\t<\/div>","protected":false},"excerpt":{"rendered":"<p>Specialiserede ydelser, drift og vedligehold p\u00e5 tv\u00e6rs af kunder og lokationer Service I servicevirksomheder er leverancerne ofte projekt- eller kontraktbaserede. Det kan v\u00e6re installation, teknisk service, vedligehold, facility management eller andre specialiserede ydelser. F\u00e6lles er behovet for at styre ressourcer, aftaler og \u00f8konomi \u2013 ofte p\u00e5 tv\u00e6rs af teams og lokationer. Udfordringer opst\u00e5r, hvis planl\u00e6gning, [&hellip;]<\/p>\n","protected":false},"author":1,"featured_media":0,"parent":1587,"menu_order":0,"comment_status":"closed","ping_status":"closed","template":"","meta":{"_acf_changed":false,"footnotes":""},"class_list":["post-3145","page","type-page","status-publish","hentry"],"acf":[],"yoast_head":"<!-- This site is optimized with the Yoast SEO plugin v27.4 - https:\/\/yoast.com\/product\/yoast-seo-wordpress\/ -->\n<title>Service - Curit<\/title>\n<meta name=\"robots\" content=\"index, follow, max-snippet:-1, max-image-preview:large, max-video-preview:-1\" \/>\n<link rel=\"canonical\" href=\"https:\/\/curit.dk\/en\/plug-in\/service\/\" \/>\n<meta property=\"og:locale\" content=\"en_GB\" \/>\n<meta property=\"og:type\" content=\"article\" \/>\n<meta property=\"og:title\" content=\"Service - Curit\" \/>\n<meta property=\"og:description\" content=\"Specialiserede ydelser, drift og vedligehold p\u00e5 tv\u00e6rs af kunder og lokationer Service I servicevirksomheder er leverancerne ofte projekt- eller kontraktbaserede. Det kan v\u00e6re installation, teknisk service, vedligehold, facility management eller andre specialiserede ydelser. F\u00e6lles er behovet for at styre ressourcer, aftaler og \u00f8konomi \u2013 ofte p\u00e5 tv\u00e6rs af teams og lokationer. Udfordringer opst\u00e5r, hvis planl\u00e6gning, [&hellip;]\" \/>\n<meta property=\"og:url\" content=\"https:\/\/curit.dk\/en\/plug-in\/service\/\" \/>\n<meta property=\"og:site_name\" content=\"Curit\" \/>\n<meta property=\"article:modified_time\" content=\"2026-04-16T08:12:37+00:00\" \/>\n<meta property=\"og:image\" content=\"https:\/\/curit.dk\/wp-content\/uploads\/pexels-marianna-zuzanna-498248397-16442679-scaled.jpg\" \/>\n\t<meta property=\"og:image:width\" content=\"1365\" \/>\n\t<meta property=\"og:image:height\" content=\"2048\" \/>\n\t<meta property=\"og:image:type\" content=\"image\/jpeg\" \/>\n<meta name=\"twitter:card\" content=\"summary_large_image\" \/>\n<meta name=\"twitter:label1\" content=\"Estimated reading time\" \/>\n\t<meta name=\"twitter:data1\" content=\"2 minutes\" \/>\n<script type=\"application\/ld+json\" class=\"yoast-schema-graph\">{\"@context\":\"https:\\\/\\\/schema.org\",\"@graph\":[{\"@type\":\"WebPage\",\"@id\":\"https:\\\/\\\/curit.dk\\\/brancher\\\/service\\\/\",\"url\":\"https:\\\/\\\/curit.dk\\\/brancher\\\/service\\\/\",\"name\":\"Service - Curit\",\"isPartOf\":{\"@id\":\"https:\\\/\\\/curit.dk\\\/#website\"},\"primaryImageOfPage\":{\"@id\":\"https:\\\/\\\/curit.dk\\\/brancher\\\/service\\\/#primaryimage\"},\"image\":{\"@id\":\"https:\\\/\\\/curit.dk\\\/brancher\\\/service\\\/#primaryimage\"},\"thumbnailUrl\":\"https:\\\/\\\/curit.dk\\\/wp-content\\\/uploads\\\/pexels-marianna-zuzanna-498248397-16442679-scaled.jpg\",\"datePublished\":\"2025-10-29T09:58:16+00:00\",\"dateModified\":\"2026-04-16T08:12:37+00:00\",\"breadcrumb\":{\"@id\":\"https:\\\/\\\/curit.dk\\\/brancher\\\/service\\\/#breadcrumb\"},\"inLanguage\":\"en-GB\",\"potentialAction\":[{\"@type\":\"ReadAction\",\"target\":[\"https:\\\/\\\/curit.dk\\\/brancher\\\/service\\\/\"]}]},{\"@type\":\"ImageObject\",\"inLanguage\":\"en-GB\",\"@id\":\"https:\\\/\\\/curit.dk\\\/brancher\\\/service\\\/#primaryimage\",\"url\":\"https:\\\/\\\/curit.dk\\\/wp-content\\\/uploads\\\/pexels-marianna-zuzanna-498248397-16442679-scaled.jpg\",\"contentUrl\":\"https:\\\/\\\/curit.dk\\\/wp-content\\\/uploads\\\/pexels-marianna-zuzanna-498248397-16442679-scaled.jpg\"},{\"@type\":\"BreadcrumbList\",\"@id\":\"https:\\\/\\\/curit.dk\\\/brancher\\\/service\\\/#breadcrumb\",\"itemListElement\":[{\"@type\":\"ListItem\",\"position\":1,\"name\":\"Brancher\",\"item\":\"https:\\\/\\\/curit.dk\\\/brancher\\\/\"},{\"@type\":\"ListItem\",\"position\":2,\"name\":\"Service\"}]},{\"@type\":\"WebSite\",\"@id\":\"https:\\\/\\\/curit.dk\\\/#website\",\"url\":\"https:\\\/\\\/curit.dk\\\/\",\"name\":\"Curit\",\"description\":\"\",\"publisher\":{\"@id\":\"https:\\\/\\\/curit.dk\\\/#organization\"},\"potentialAction\":[{\"@type\":\"SearchAction\",\"target\":{\"@type\":\"EntryPoint\",\"urlTemplate\":\"https:\\\/\\\/curit.dk\\\/?s={search_term_string}\"},\"query-input\":{\"@type\":\"PropertyValueSpecification\",\"valueRequired\":true,\"valueName\":\"search_term_string\"}}],\"inLanguage\":\"en-GB\"},{\"@type\":\"Organization\",\"@id\":\"https:\\\/\\\/curit.dk\\\/#organization\",\"name\":\"Curit\",\"url\":\"https:\\\/\\\/curit.dk\\\/\",\"logo\":{\"@type\":\"ImageObject\",\"inLanguage\":\"en-GB\",\"@id\":\"https:\\\/\\\/curit.dk\\\/#\\\/schema\\\/logo\\\/image\\\/\",\"url\":\"https:\\\/\\\/curit.dk\\\/wp-content\\\/uploads\\\/curit-logo-sort.svg\",\"contentUrl\":\"https:\\\/\\\/curit.dk\\\/wp-content\\\/uploads\\\/curit-logo-sort.svg\",\"width\":272,\"height\":54,\"caption\":\"Curit\"},\"image\":{\"@id\":\"https:\\\/\\\/curit.dk\\\/#\\\/schema\\\/logo\\\/image\\\/\"}}]}<\/script>\n<!-- \/ Yoast SEO plugin. -->","yoast_head_json":{"title":"Service - Curit","robots":{"index":"index","follow":"follow","max-snippet":"max-snippet:-1","max-image-preview":"max-image-preview:large","max-video-preview":"max-video-preview:-1"},"canonical":"https:\/\/curit.dk\/en\/plug-in\/service\/","og_locale":"en_GB","og_type":"article","og_title":"Service - Curit","og_description":"Specialiserede ydelser, drift og vedligehold p\u00e5 tv\u00e6rs af kunder og lokationer Service I servicevirksomheder er leverancerne ofte projekt- eller kontraktbaserede. Det kan v\u00e6re installation, teknisk service, vedligehold, facility management eller andre specialiserede ydelser. F\u00e6lles er behovet for at styre ressourcer, aftaler og \u00f8konomi \u2013 ofte p\u00e5 tv\u00e6rs af teams og lokationer. Udfordringer opst\u00e5r, hvis planl\u00e6gning, [&hellip;]","og_url":"https:\/\/curit.dk\/en\/plug-in\/service\/","og_site_name":"Curit","article_modified_time":"2026-04-16T08:12:37+00:00","og_image":[{"width":1365,"height":2048,"url":"https:\/\/curit.dk\/wp-content\/uploads\/pexels-marianna-zuzanna-498248397-16442679-scaled.jpg","type":"image\/jpeg"}],"twitter_card":"summary_large_image","twitter_misc":{"Estimated reading time":"2 minutes"},"schema":{"@context":"https:\/\/schema.org","@graph":[{"@type":"WebPage","@id":"https:\/\/curit.dk\/brancher\/service\/","url":"https:\/\/curit.dk\/brancher\/service\/","name":"Service - Curit","isPartOf":{"@id":"https:\/\/curit.dk\/#website"},"primaryImageOfPage":{"@id":"https:\/\/curit.dk\/brancher\/service\/#primaryimage"},"image":{"@id":"https:\/\/curit.dk\/brancher\/service\/#primaryimage"},"thumbnailUrl":"https:\/\/curit.dk\/wp-content\/uploads\/pexels-marianna-zuzanna-498248397-16442679-scaled.jpg","datePublished":"2025-10-29T09:58:16+00:00","dateModified":"2026-04-16T08:12:37+00:00","breadcrumb":{"@id":"https:\/\/curit.dk\/brancher\/service\/#breadcrumb"},"inLanguage":"en-GB","potentialAction":[{"@type":"ReadAction","target":["https:\/\/curit.dk\/brancher\/service\/"]}]},{"@type":"ImageObject","inLanguage":"en-GB","@id":"https:\/\/curit.dk\/brancher\/service\/#primaryimage","url":"https:\/\/curit.dk\/wp-content\/uploads\/pexels-marianna-zuzanna-498248397-16442679-scaled.jpg","contentUrl":"https:\/\/curit.dk\/wp-content\/uploads\/pexels-marianna-zuzanna-498248397-16442679-scaled.jpg"},{"@type":"BreadcrumbList","@id":"https:\/\/curit.dk\/brancher\/service\/#breadcrumb","itemListElement":[{"@type":"ListItem","position":1,"name":"Brancher","item":"https:\/\/curit.dk\/brancher\/"},{"@type":"ListItem","position":2,"name":"Service"}]},{"@type":"WebSite","@id":"https:\/\/curit.dk\/#website","url":"https:\/\/curit.dk\/","name":"Curitis","description":"","publisher":{"@id":"https:\/\/curit.dk\/#organization"},"potentialAction":[{"@type":"SearchAction","target":{"@type":"EntryPoint","urlTemplate":"https:\/\/curit.dk\/?s={search_term_string}"},"query-input":{"@type":"PropertyValueSpecification","valueRequired":true,"valueName":"search_term_string"}}],"inLanguage":"en-GB"},{"@type":"Organization","@id":"https:\/\/curit.dk\/#organization","name":"Curitis","url":"https:\/\/curit.dk\/","logo":{"@type":"ImageObject","inLanguage":"en-GB","@id":"https:\/\/curit.dk\/#\/schema\/logo\/image\/","url":"https:\/\/curit.dk\/wp-content\/uploads\/curit-logo-sort.svg","contentUrl":"https:\/\/curit.dk\/wp-content\/uploads\/curit-logo-sort.svg","width":272,"height":54,"caption":"Curit"},"image":{"@id":"https:\/\/curit.dk\/#\/schema\/logo\/image\/"}}]}},"_links":{"self":[{"href":"https:\/\/curit.dk\/en\/wp-json\/wp\/v2\/pages\/3145","targetHints":{"allow":["GET"]}}],"collection":[{"href":"https:\/\/curit.dk\/en\/wp-json\/wp\/v2\/pages"}],"about":[{"href":"https:\/\/curit.dk\/en\/wp-json\/wp\/v2\/types\/page"}],"author":[{"embeddable":true,"href":"https:\/\/curit.dk\/en\/wp-json\/wp\/v2\/users\/1"}],"replies":[{"embeddable":true,"href":"https:\/\/curit.dk\/en\/wp-json\/wp\/v2\/comments?post=3145"}],"version-history":[{"count":20,"href":"https:\/\/curit.dk\/en\/wp-json\/wp\/v2\/pages\/3145\/revisions"}],"predecessor-version":[{"id":5200,"href":"https:\/\/curit.dk\/en\/wp-json\/wp\/v2\/pages\/3145\/revisions\/5200"}],"up":[{"embeddable":true,"href":"https:\/\/curit.dk\/en\/wp-json\/wp\/v2\/pages\/1587"}],"wp:attachment":[{"href":"https:\/\/curit.dk\/en\/wp-json\/wp\/v2\/media?parent=3145"}],"curies":[{"name":"wp","href":"https:\/\/api.w.org\/{rel}","templated":true}]}}