{"id":3457,"date":"2026-02-14T10:38:14","date_gmt":"2026-02-14T09:38:14","guid":{"rendered":"https:\/\/curit.dk\/?page_id=3457"},"modified":"2026-04-16T10:02:50","modified_gmt":"2026-04-16T08:02:50","slug":"data-migration","status":"publish","type":"page","link":"https:\/\/curit.dk\/en\/ydelser\/datamigrering\/","title":{"rendered":"Data migration"},"content":{"rendered":"<div data-elementor-type=\"wp-page\" data-elementor-id=\"3457\" class=\"elementor elementor-3457\" data-elementor-post-type=\"page\">\n\t\t\t\t<div class=\"elementor-element elementor-element-bcb7d2b e-flex e-con-boxed e-con e-parent\" data-id=\"bcb7d2b\" data-element_type=\"container\" data-e-type=\"container\">\n\t\t\t\t\t<div class=\"e-con-inner\">\n\t\t<div class=\"elementor-element elementor-element-232ad92 e-con-full e-flex e-con e-child\" data-id=\"232ad92\" data-element_type=\"container\" data-e-type=\"container\">\n\t\t<div class=\"elementor-element elementor-element-0c2d48c e-con-full e-flex e-con e-child\" data-id=\"0c2d48c\" data-element_type=\"container\" data-e-type=\"container\" data-settings=\"{&quot;background_background&quot;:&quot;classic&quot;}\">\n\t\t\t\t<div class=\"elementor-element elementor-element-45b18f3 elementor-invisible elementor-widget elementor-widget-heading\" data-id=\"45b18f3\" data-element_type=\"widget\" data-e-type=\"widget\" data-settings=\"{&quot;_animation&quot;:&quot;fadeInUp&quot;}\" data-widget_type=\"heading.default\">\n\t\t\t\t<div class=\"elementor-widget-container\">\n\t\t\t\t\t<h1 class=\"elementor-heading-title elementor-size-default\">Data migration<\/h1>\t\t\t\t<\/div>\n\t\t\t\t<\/div>\n\t\t\t\t<div class=\"elementor-element elementor-element-67e0f4a elementor-invisible elementor-widget elementor-widget-heading\" data-id=\"67e0f4a\" data-element_type=\"widget\" data-e-type=\"widget\" data-settings=\"{&quot;_animation&quot;:&quot;fadeIn&quot;,&quot;_animation_delay&quot;:300}\" data-widget_type=\"heading.default\">\n\t\t\t\t<div class=\"elementor-widget-container\">\n\t\t\t\t\t<h5 class=\"elementor-heading-title elementor-size-default\">Move, copy and update your data securely and seamlessly<\/h5>\t\t\t\t<\/div>\n\t\t\t\t<\/div>\n\t\t\t\t<\/div>\n\t\t\t\t<\/div>\n\t\t<div class=\"elementor-element elementor-element-988d941 e-con-full e-flex e-con e-child\" data-id=\"988d941\" data-element_type=\"container\" data-e-type=\"container\">\n\t\t\t\t<div class=\"elementor-element elementor-element-d8e60df elementor-widget elementor-widget-spacer\" data-id=\"d8e60df\" data-element_type=\"widget\" data-e-type=\"widget\" data-widget_type=\"spacer.default\">\n\t\t\t\t<div class=\"elementor-widget-container\">\n\t\t\t\t\t\t\t<div class=\"elementor-spacer\">\n\t\t\t<div class=\"elementor-spacer-inner\"><\/div>\n\t\t<\/div>\n\t\t\t\t\t\t<\/div>\n\t\t\t\t<\/div>\n\t\t\t\t<\/div>\n\t\t<div class=\"elementor-element elementor-element-d09d3d9 e-con-full e-flex e-con e-child\" data-id=\"d09d3d9\" data-element_type=\"container\" data-e-type=\"container\">\n\t\t\t\t<div class=\"elementor-element elementor-element-02b9d00 elementor-widget__width-initial elementor-widget elementor-widget-image\" data-id=\"02b9d00\" data-element_type=\"widget\" data-e-type=\"widget\" data-widget_type=\"image.default\">\n\t\t\t\t<div class=\"elementor-widget-container\">\n\t\t\t\t\t\t\t\t\t\t\t\t\t\t\t<img fetchpriority=\"high\" decoding=\"async\" width=\"2048\" height=\"1365\" src=\"https:\/\/curit.dk\/wp-content\/uploads\/Curit_stemning_dag2-096-scaled.jpg\" class=\"attachment-full size-full wp-image-3844\" alt=\"\" srcset=\"https:\/\/curit.dk\/wp-content\/uploads\/Curit_stemning_dag2-096-scaled.jpg 2048w, https:\/\/curit.dk\/wp-content\/uploads\/Curit_stemning_dag2-096-300x200.jpg 300w, https:\/\/curit.dk\/wp-content\/uploads\/Curit_stemning_dag2-096-1024x683.jpg 1024w, https:\/\/curit.dk\/wp-content\/uploads\/Curit_stemning_dag2-096-768x512.jpg 768w, https:\/\/curit.dk\/wp-content\/uploads\/Curit_stemning_dag2-096-1536x1024.jpg 1536w, https:\/\/curit.dk\/wp-content\/uploads\/Curit_stemning_dag2-096-18x12.jpg 18w\" sizes=\"(max-width: 2048px) 100vw, 2048px\" \/>\t\t\t\t\t\t\t\t\t\t\t\t\t\t\t<\/div>\n\t\t\t\t<\/div>\n\t\t<div class=\"elementor-element elementor-element-6547f5a e-con-full e-flex e-con e-child\" data-id=\"6547f5a\" data-element_type=\"container\" data-e-type=\"container\" data-settings=\"{&quot;background_background&quot;:&quot;classic&quot;}\">\n\t\t<div class=\"elementor-element elementor-element-a3ad468 e-con-full e-flex elementor-invisible e-con e-child\" data-id=\"a3ad468\" data-element_type=\"container\" data-e-type=\"container\" data-settings=\"{&quot;animation&quot;:&quot;fadeInRight&quot;}\">\n\t\t\t\t<div class=\"elementor-element elementor-element-86888be elementor-widget elementor-widget-heading\" data-id=\"86888be\" data-element_type=\"widget\" data-e-type=\"widget\" data-widget_type=\"heading.default\">\n\t\t\t\t<div class=\"elementor-widget-container\">\n\t\t\t\t\t<h5 class=\"elementor-heading-title elementor-size-default\">We ensure a safe and efficient transition to IFS<\/h5>\t\t\t\t<\/div>\n\t\t\t\t<\/div>\n\t\t\t\t<div class=\"elementor-element elementor-element-a664768 elementor-widget elementor-widget-text-editor\" data-id=\"a664768\" data-element_type=\"widget\" data-e-type=\"widget\" data-widget_type=\"text-editor.default\">\n\t\t\t\t<div class=\"elementor-widget-container\">\n\t\t\t\t\t\t\t\t\t<p data-start=\"212\" data-end=\"255\">At Curit, we help companies migrate data from legacy systems to IFS in a secure, structured and efficient way. We ensure that customer data, products and financial information are transferred correctly so that IFS is ready for use from day one.<\/p><p data-start=\"526\" data-end=\"778\">Our approach takes into account data quality, validation and business logic to avoid errors, duplication and loss of important information. At the same time, we optimise the process to make the transition as smooth as possible for both IT and users.<\/p>\t\t\t\t\t\t\t\t<\/div>\n\t\t\t\t<\/div>\n\t\t\t\t<div class=\"elementor-element elementor-element-6660ec0 elementor-mobile-align-justify elementor-widget elementor-widget-button\" data-id=\"6660ec0\" data-element_type=\"widget\" data-e-type=\"widget\" data-widget_type=\"button.default\">\n\t\t\t\t<div class=\"elementor-widget-container\">\n\t\t\t\t\t\t\t\t\t<div class=\"elementor-button-wrapper\">\n\t\t\t\t\t<a class=\"elementor-button elementor-button-link elementor-size-sm\" href=\"https:\/\/curit.dk\/en\/kontakt\/\">\n\t\t\t\t\t\t<span class=\"elementor-button-content-wrapper\">\n\t\t\t\t\t\t\t\t\t<span class=\"elementor-button-text\">See more <\/span>\n\t\t\t\t\t<\/span>\n\t\t\t\t\t<\/a>\n\t\t\t\t<\/div>\n\t\t\t\t\t\t\t\t<\/div>\n\t\t\t\t<\/div>\n\t\t\t\t<\/div>\n\t\t\t\t<\/div>\n\t\t\t\t<div class=\"elementor-element elementor-element-25f05ac elementor-widget elementor-widget-spacer\" data-id=\"25f05ac\" data-element_type=\"widget\" data-e-type=\"widget\" data-widget_type=\"spacer.default\">\n\t\t\t\t<div class=\"elementor-widget-container\">\n\t\t\t\t\t\t\t<div class=\"elementor-spacer\">\n\t\t\t<div class=\"elementor-spacer-inner\"><\/div>\n\t\t<\/div>\n\t\t\t\t\t\t<\/div>\n\t\t\t\t<\/div>\n\t\t\t\t<\/div>\n\t\t<div class=\"elementor-element elementor-element-50e961f e-con-full e-flex e-con e-child\" data-id=\"50e961f\" data-element_type=\"container\" data-e-type=\"container\">\n\t\t<div class=\"elementor-element elementor-element-ac4dc01 e-con-full e-flex e-con e-child\" data-id=\"ac4dc01\" data-element_type=\"container\" data-e-type=\"container\" data-settings=\"{&quot;background_background&quot;:&quot;slideshow&quot;,&quot;background_slideshow_gallery&quot;:[],&quot;background_slideshow_loop&quot;:&quot;yes&quot;,&quot;background_slideshow_slide_duration&quot;:5000,&quot;background_slideshow_slide_transition&quot;:&quot;fade&quot;,&quot;background_slideshow_transition_duration&quot;:500}\">\n\t\t<div class=\"elementor-element elementor-element-f796a73 e-con-full e-flex elementor-invisible e-con e-child\" data-id=\"f796a73\" data-element_type=\"container\" data-e-type=\"container\" data-settings=\"{&quot;animation&quot;:&quot;fadeInLeft&quot;}\">\n\t\t\t\t<\/div>\n\t\t<div class=\"elementor-element elementor-element-1615dc8 e-con-full e-flex elementor-invisible e-con e-child\" data-id=\"1615dc8\" data-element_type=\"container\" data-e-type=\"container\" data-settings=\"{&quot;animation&quot;:&quot;fadeInRight&quot;}\">\n\t\t\t\t<div class=\"elementor-element elementor-element-216db20 elementor-widget elementor-widget-heading\" data-id=\"216db20\" data-element_type=\"widget\" data-e-type=\"widget\" data-widget_type=\"heading.default\">\n\t\t\t\t<div class=\"elementor-widget-container\">\n\t\t\t\t\t<h2 class=\"elementor-heading-title elementor-size-default\">Secure and controlled data migration<\/h2>\t\t\t\t<\/div>\n\t\t\t\t<\/div>\n\t\t\t\t<div class=\"elementor-element elementor-element-b5710b3 elementor-widget elementor-widget-text-editor\" data-id=\"b5710b3\" data-element_type=\"widget\" data-e-type=\"widget\" data-widget_type=\"text-editor.default\">\n\t\t\t\t<div class=\"elementor-widget-container\">\n\t\t\t\t\t\t\t\t\t<p data-start=\"116\" data-end=\"282\"><strong data-start=\"116\" data-end=\"151\">Pre-analysis of existing data<\/strong><br data-start=\"151\" data-end=\"154\" \/>We review your current systems and data sources to ensure that all relevant content is identified and mapped correctly.<\/p><p data-start=\"284\" data-end=\"426\"><strong data-start=\"284\" data-end=\"314\">Data quality and validation<\/strong><br data-start=\"314\" data-end=\"317\" \/>We ensure that data is correct, complete and ready for transfer to avoid errors and duplication in IFS.<\/p><p data-start=\"428\" data-end=\"555\"><strong data-start=\"428\" data-end=\"448\">Migration design<\/strong><br data-start=\"448\" data-end=\"451\" \/>We plan the migration with a focus on structure, security and minimal impact on daily operations.<\/p><p data-start=\"557\" data-end=\"694\"><strong data-start=\"557\" data-end=\"575\">Data transfer<\/strong><br data-start=\"575\" data-end=\"578\" \/>Our experts handle the actual migration of data from legacy systems to IFS - quickly, safely and in a controlled manner.<\/p><p data-start=\"696\" data-end=\"839\"><strong data-start=\"696\" data-end=\"730\">Follow-up and quality assurance<\/strong><br data-start=\"730\" data-end=\"733\" \/>After the migration, we review the results with you, validate data and ensure that IFS is ready for use from day one.<\/p>\t\t\t\t\t\t\t\t<\/div>\n\t\t\t\t<\/div>\n\t\t\t\t<\/div>\n\t\t\t\t<\/div>\n\t\t\t\t<\/div>\n\t\t<div class=\"elementor-element elementor-element-a281db1 e-con-full e-flex e-con e-child\" data-id=\"a281db1\" data-element_type=\"container\" data-e-type=\"container\">\n\t\t<div class=\"elementor-element elementor-element-db807e0 e-con-full e-flex e-con e-child\" data-id=\"db807e0\" data-element_type=\"container\" data-e-type=\"container\">\n\t\t\t\t<div class=\"elementor-element elementor-element-c405d75 elementor-widget elementor-widget-spacer\" data-id=\"c405d75\" data-element_type=\"widget\" data-e-type=\"widget\" data-widget_type=\"spacer.default\">\n\t\t\t\t<div class=\"elementor-widget-container\">\n\t\t\t\t\t\t\t<div class=\"elementor-spacer\">\n\t\t\t<div class=\"elementor-spacer-inner\"><\/div>\n\t\t<\/div>\n\t\t\t\t\t\t<\/div>\n\t\t\t\t<\/div>\n\t\t\t\t<\/div>\n\t\t\t\t<\/div>\n\t\t\t\t\t<\/div>\n\t\t\t\t<\/div>\n\t\t<div class=\"elementor-element elementor-element-b043271 e-flex e-con-boxed e-con e-parent\" data-id=\"b043271\" data-element_type=\"container\" data-e-type=\"container\">\n\t\t\t\t\t<div class=\"e-con-inner\">\n\t\t<div class=\"elementor-element elementor-element-0f813d0 e-con-full e-flex e-con e-child\" data-id=\"0f813d0\" data-element_type=\"container\" data-e-type=\"container\">\n\t\t<div class=\"elementor-element elementor-element-f1117a4 e-con-full e-flex e-con e-child\" data-id=\"f1117a4\" data-element_type=\"container\" data-e-type=\"container\" data-settings=\"{&quot;background_background&quot;:&quot;classic&quot;}\">\n\t\t<div class=\"elementor-element elementor-element-536592d e-con-full e-flex e-con e-child\" data-id=\"536592d\" data-element_type=\"container\" data-e-type=\"container\">\n\t\t<div class=\"elementor-element elementor-element-519b95e e-con-full e-flex e-con e-child\" data-id=\"519b95e\" data-element_type=\"container\" data-e-type=\"container\">\n\t\t\t\t<div class=\"elementor-element elementor-element-b534239 elementor-widget elementor-widget-heading\" data-id=\"b534239\" data-element_type=\"widget\" data-e-type=\"widget\" data-widget_type=\"heading.default\">\n\t\t\t\t<div class=\"elementor-widget-container\">\n\t\t\t\t\t<h2 class=\"elementor-heading-title elementor-size-default\">Get more out of your IFS solution<\/h2>\t\t\t\t<\/div>\n\t\t\t\t<\/div>\n\t\t\t\t<div class=\"elementor-element elementor-element-b1010c5 elementor-widget elementor-widget-text-editor\" data-id=\"b1010c5\" data-element_type=\"widget\" data-e-type=\"widget\" data-widget_type=\"text-editor.default\">\n\t\t\t\t<div class=\"elementor-widget-container\">\n\t\t\t\t\t\t\t\t\t<p>We help companies adapt and optimise IFS to support their business in practice. With a focus on stable solutions, efficient workflows and close collaboration, we ensure that the system creates value - both in operation and in the long term.<\/p>\n<p>Contact us if you want to learn more about how we work.<\/p>\t\t\t\t\t\t\t\t<\/div>\n\t\t\t\t<\/div>\n\t\t\t\t<div class=\"elementor-element elementor-element-4d4c3c6 elementor-mobile-align-justify elementor-widget elementor-widget-button\" data-id=\"4d4c3c6\" data-element_type=\"widget\" data-e-type=\"widget\" data-widget_type=\"button.default\">\n\t\t\t\t<div class=\"elementor-widget-container\">\n\t\t\t\t\t\t\t\t\t<div class=\"elementor-button-wrapper\">\n\t\t\t\t\t<a class=\"elementor-button elementor-button-link elementor-size-sm\" href=\"https:\/\/curit.dk\/en\/kontakt\/\">\n\t\t\t\t\t\t<span class=\"elementor-button-content-wrapper\">\n\t\t\t\t\t\t\t\t\t<span class=\"elementor-button-text\">Contact Curit<\/span>\n\t\t\t\t\t<\/span>\n\t\t\t\t\t<\/a>\n\t\t\t\t<\/div>\n\t\t\t\t\t\t\t\t<\/div>\n\t\t\t\t<\/div>\n\t\t\t\t<\/div>\n\t\t<div class=\"elementor-element elementor-element-7a2f83b e-con-full e-flex e-con e-child\" data-id=\"7a2f83b\" data-element_type=\"container\" data-e-type=\"container\">\n\t\t\t\t<div class=\"elementor-element elementor-element-92fbbcd elementor-widget elementor-widget-image\" data-id=\"92fbbcd\" data-element_type=\"widget\" data-e-type=\"widget\" data-widget_type=\"image.default\">\n\t\t\t\t<div class=\"elementor-widget-container\">\n\t\t\t\t\t\t\t\t\t\t\t\t\t\t\t<img decoding=\"async\" width=\"800\" height=\"534\" src=\"https:\/\/curit.dk\/wp-content\/uploads\/Curit_stemning_dag2-039-1024x683.jpg\" class=\"attachment-large size-large wp-image-3067\" alt=\"\" srcset=\"https:\/\/curit.dk\/wp-content\/uploads\/Curit_stemning_dag2-039-1024x683.jpg 1024w, https:\/\/curit.dk\/wp-content\/uploads\/Curit_stemning_dag2-039-300x200.jpg 300w, https:\/\/curit.dk\/wp-content\/uploads\/Curit_stemning_dag2-039-768x512.jpg 768w, https:\/\/curit.dk\/wp-content\/uploads\/Curit_stemning_dag2-039-1536x1024.jpg 1536w, https:\/\/curit.dk\/wp-content\/uploads\/Curit_stemning_dag2-039-scaled.jpg 2048w, https:\/\/curit.dk\/wp-content\/uploads\/Curit_stemning_dag2-039-18x12.jpg 18w\" sizes=\"(max-width: 800px) 100vw, 800px\" \/>\t\t\t\t\t\t\t\t\t\t\t\t\t\t\t<\/div>\n\t\t\t\t<\/div>\n\t\t\t\t<\/div>\n\t\t\t\t<\/div>\n\t\t\t\t<\/div>\n\t\t\t\t<\/div>\n\t\t\t\t\t<\/div>\n\t\t\t\t<\/div>\n\t\t\t\t<\/div>","protected":false},"excerpt":{"rendered":"<p>Datamigrering Flyt, kopi\u00e9r og opdat\u00e9r dine data sikkert og problemfrit Vi sikrer en tryg og effektiv overgang til IFS Hos Curit hj\u00e6lper vi virksomheder med at migrere data fra gamle systemer til IFS p\u00e5 en sikker, struktureret og effektiv m\u00e5de. Vi sikrer, at kundedata, produkter og finansielle oplysninger bliver korrekt overf\u00f8rt, s\u00e5 IFS er klar [&hellip;]<\/p>\n","protected":false},"author":2,"featured_media":0,"parent":1591,"menu_order":0,"comment_status":"closed","ping_status":"closed","template":"","meta":{"_acf_changed":false,"footnotes":""},"class_list":["post-3457","page","type-page","status-publish","hentry"],"acf":[],"yoast_head":"<!-- This site is optimized with the Yoast SEO plugin v27.4 - https:\/\/yoast.com\/product\/yoast-seo-wordpress\/ -->\n<title>Datamigrering - Curit<\/title>\n<meta name=\"robots\" content=\"index, follow, max-snippet:-1, max-image-preview:large, max-video-preview:-1\" \/>\n<link rel=\"canonical\" href=\"https:\/\/curit.dk\/en\/services\/data-migration\/\" \/>\n<meta property=\"og:locale\" content=\"en_GB\" \/>\n<meta property=\"og:type\" content=\"article\" \/>\n<meta property=\"og:title\" content=\"Datamigrering - Curit\" \/>\n<meta property=\"og:description\" content=\"Datamigrering Flyt, kopi\u00e9r og opdat\u00e9r dine data sikkert og problemfrit Vi sikrer en tryg og effektiv overgang til IFS Hos Curit hj\u00e6lper vi virksomheder med at migrere data fra gamle systemer til IFS p\u00e5 en sikker, struktureret og effektiv m\u00e5de. Vi sikrer, at kundedata, produkter og finansielle oplysninger bliver korrekt overf\u00f8rt, s\u00e5 IFS er klar [&hellip;]\" \/>\n<meta property=\"og:url\" content=\"https:\/\/curit.dk\/en\/services\/data-migration\/\" \/>\n<meta property=\"og:site_name\" content=\"Curit\" \/>\n<meta property=\"article:modified_time\" content=\"2026-04-16T08:02:50+00:00\" \/>\n<meta property=\"og:image\" content=\"https:\/\/curit.dk\/wp-content\/uploads\/Curit_stemning_dag2-096-scaled.jpg\" \/>\n\t<meta property=\"og:image:width\" content=\"2048\" \/>\n\t<meta property=\"og:image:height\" content=\"1365\" \/>\n\t<meta property=\"og:image:type\" content=\"image\/jpeg\" \/>\n<meta name=\"twitter:card\" content=\"summary_large_image\" \/>\n<meta name=\"twitter:label1\" content=\"Estimated reading time\" \/>\n\t<meta name=\"twitter:data1\" content=\"2 minutes\" \/>\n<script type=\"application\/ld+json\" class=\"yoast-schema-graph\">{\"@context\":\"https:\\\/\\\/schema.org\",\"@graph\":[{\"@type\":\"WebPage\",\"@id\":\"https:\\\/\\\/curit.dk\\\/ydelser\\\/datamigrering\\\/\",\"url\":\"https:\\\/\\\/curit.dk\\\/ydelser\\\/datamigrering\\\/\",\"name\":\"Datamigrering - Curit\",\"isPartOf\":{\"@id\":\"https:\\\/\\\/curit.dk\\\/#website\"},\"primaryImageOfPage\":{\"@id\":\"https:\\\/\\\/curit.dk\\\/ydelser\\\/datamigrering\\\/#primaryimage\"},\"image\":{\"@id\":\"https:\\\/\\\/curit.dk\\\/ydelser\\\/datamigrering\\\/#primaryimage\"},\"thumbnailUrl\":\"https:\\\/\\\/curit.dk\\\/wp-content\\\/uploads\\\/Curit_stemning_dag2-096-scaled.jpg\",\"datePublished\":\"2026-02-14T09:38:14+00:00\",\"dateModified\":\"2026-04-16T08:02:50+00:00\",\"breadcrumb\":{\"@id\":\"https:\\\/\\\/curit.dk\\\/ydelser\\\/datamigrering\\\/#breadcrumb\"},\"inLanguage\":\"en-GB\",\"potentialAction\":[{\"@type\":\"ReadAction\",\"target\":[\"https:\\\/\\\/curit.dk\\\/ydelser\\\/datamigrering\\\/\"]}]},{\"@type\":\"ImageObject\",\"inLanguage\":\"en-GB\",\"@id\":\"https:\\\/\\\/curit.dk\\\/ydelser\\\/datamigrering\\\/#primaryimage\",\"url\":\"https:\\\/\\\/curit.dk\\\/wp-content\\\/uploads\\\/Curit_stemning_dag2-096-scaled.jpg\",\"contentUrl\":\"https:\\\/\\\/curit.dk\\\/wp-content\\\/uploads\\\/Curit_stemning_dag2-096-scaled.jpg\"},{\"@type\":\"BreadcrumbList\",\"@id\":\"https:\\\/\\\/curit.dk\\\/ydelser\\\/datamigrering\\\/#breadcrumb\",\"itemListElement\":[{\"@type\":\"ListItem\",\"position\":1,\"name\":\"Ydelser\",\"item\":\"https:\\\/\\\/curit.dk\\\/ydelser\\\/\"},{\"@type\":\"ListItem\",\"position\":2,\"name\":\"Datamigrering\"}]},{\"@type\":\"WebSite\",\"@id\":\"https:\\\/\\\/curit.dk\\\/#website\",\"url\":\"https:\\\/\\\/curit.dk\\\/\",\"name\":\"Curit\",\"description\":\"\",\"publisher\":{\"@id\":\"https:\\\/\\\/curit.dk\\\/#organization\"},\"potentialAction\":[{\"@type\":\"SearchAction\",\"target\":{\"@type\":\"EntryPoint\",\"urlTemplate\":\"https:\\\/\\\/curit.dk\\\/?s={search_term_string}\"},\"query-input\":{\"@type\":\"PropertyValueSpecification\",\"valueRequired\":true,\"valueName\":\"search_term_string\"}}],\"inLanguage\":\"en-GB\"},{\"@type\":\"Organization\",\"@id\":\"https:\\\/\\\/curit.dk\\\/#organization\",\"name\":\"Curit\",\"url\":\"https:\\\/\\\/curit.dk\\\/\",\"logo\":{\"@type\":\"ImageObject\",\"inLanguage\":\"en-GB\",\"@id\":\"https:\\\/\\\/curit.dk\\\/#\\\/schema\\\/logo\\\/image\\\/\",\"url\":\"https:\\\/\\\/curit.dk\\\/wp-content\\\/uploads\\\/curit-logo-sort.svg\",\"contentUrl\":\"https:\\\/\\\/curit.dk\\\/wp-content\\\/uploads\\\/curit-logo-sort.svg\",\"width\":272,\"height\":54,\"caption\":\"Curit\"},\"image\":{\"@id\":\"https:\\\/\\\/curit.dk\\\/#\\\/schema\\\/logo\\\/image\\\/\"}}]}<\/script>\n<!-- \/ Yoast SEO plugin. -->","yoast_head_json":{"title":"Data migration - Curit","robots":{"index":"index","follow":"follow","max-snippet":"max-snippet:-1","max-image-preview":"max-image-preview:large","max-video-preview":"max-video-preview:-1"},"canonical":"https:\/\/curit.dk\/en\/services\/data-migration\/","og_locale":"en_GB","og_type":"article","og_title":"Datamigrering - Curit","og_description":"Datamigrering Flyt, kopi\u00e9r og opdat\u00e9r dine data sikkert og problemfrit Vi sikrer en tryg og effektiv overgang til IFS Hos Curit hj\u00e6lper vi virksomheder med at migrere data fra gamle systemer til IFS p\u00e5 en sikker, struktureret og effektiv m\u00e5de. Vi sikrer, at kundedata, produkter og finansielle oplysninger bliver korrekt overf\u00f8rt, s\u00e5 IFS er klar [&hellip;]","og_url":"https:\/\/curit.dk\/en\/services\/data-migration\/","og_site_name":"Curit","article_modified_time":"2026-04-16T08:02:50+00:00","og_image":[{"width":2048,"height":1365,"url":"https:\/\/curit.dk\/wp-content\/uploads\/Curit_stemning_dag2-096-scaled.jpg","type":"image\/jpeg"}],"twitter_card":"summary_large_image","twitter_misc":{"Estimated reading time":"2 minutes"},"schema":{"@context":"https:\/\/schema.org","@graph":[{"@type":"WebPage","@id":"https:\/\/curit.dk\/ydelser\/datamigrering\/","url":"https:\/\/curit.dk\/ydelser\/datamigrering\/","name":"Data migration - Curit","isPartOf":{"@id":"https:\/\/curit.dk\/#website"},"primaryImageOfPage":{"@id":"https:\/\/curit.dk\/ydelser\/datamigrering\/#primaryimage"},"image":{"@id":"https:\/\/curit.dk\/ydelser\/datamigrering\/#primaryimage"},"thumbnailUrl":"https:\/\/curit.dk\/wp-content\/uploads\/Curit_stemning_dag2-096-scaled.jpg","datePublished":"2026-02-14T09:38:14+00:00","dateModified":"2026-04-16T08:02:50+00:00","breadcrumb":{"@id":"https:\/\/curit.dk\/ydelser\/datamigrering\/#breadcrumb"},"inLanguage":"en-GB","potentialAction":[{"@type":"ReadAction","target":["https:\/\/curit.dk\/ydelser\/datamigrering\/"]}]},{"@type":"ImageObject","inLanguage":"en-GB","@id":"https:\/\/curit.dk\/ydelser\/datamigrering\/#primaryimage","url":"https:\/\/curit.dk\/wp-content\/uploads\/Curit_stemning_dag2-096-scaled.jpg","contentUrl":"https:\/\/curit.dk\/wp-content\/uploads\/Curit_stemning_dag2-096-scaled.jpg"},{"@type":"BreadcrumbList","@id":"https:\/\/curit.dk\/ydelser\/datamigrering\/#breadcrumb","itemListElement":[{"@type":"ListItem","position":1,"name":"Ydelser","item":"https:\/\/curit.dk\/ydelser\/"},{"@type":"ListItem","position":2,"name":"Datamigrering"}]},{"@type":"WebSite","@id":"https:\/\/curit.dk\/#website","url":"https:\/\/curit.dk\/","name":"Curitis","description":"","publisher":{"@id":"https:\/\/curit.dk\/#organization"},"potentialAction":[{"@type":"SearchAction","target":{"@type":"EntryPoint","urlTemplate":"https:\/\/curit.dk\/?s={search_term_string}"},"query-input":{"@type":"PropertyValueSpecification","valueRequired":true,"valueName":"search_term_string"}}],"inLanguage":"en-GB"},{"@type":"Organization","@id":"https:\/\/curit.dk\/#organization","name":"Curitis","url":"https:\/\/curit.dk\/","logo":{"@type":"ImageObject","inLanguage":"en-GB","@id":"https:\/\/curit.dk\/#\/schema\/logo\/image\/","url":"https:\/\/curit.dk\/wp-content\/uploads\/curit-logo-sort.svg","contentUrl":"https:\/\/curit.dk\/wp-content\/uploads\/curit-logo-sort.svg","width":272,"height":54,"caption":"Curit"},"image":{"@id":"https:\/\/curit.dk\/#\/schema\/logo\/image\/"}}]}},"_links":{"self":[{"href":"https:\/\/curit.dk\/en\/wp-json\/wp\/v2\/pages\/3457","targetHints":{"allow":["GET"]}}],"collection":[{"href":"https:\/\/curit.dk\/en\/wp-json\/wp\/v2\/pages"}],"about":[{"href":"https:\/\/curit.dk\/en\/wp-json\/wp\/v2\/types\/page"}],"author":[{"embeddable":true,"href":"https:\/\/curit.dk\/en\/wp-json\/wp\/v2\/users\/2"}],"replies":[{"embeddable":true,"href":"https:\/\/curit.dk\/en\/wp-json\/wp\/v2\/comments?post=3457"}],"version-history":[{"count":20,"href":"https:\/\/curit.dk\/en\/wp-json\/wp\/v2\/pages\/3457\/revisions"}],"predecessor-version":[{"id":5188,"href":"https:\/\/curit.dk\/en\/wp-json\/wp\/v2\/pages\/3457\/revisions\/5188"}],"up":[{"embeddable":true,"href":"https:\/\/curit.dk\/en\/wp-json\/wp\/v2\/pages\/1591"}],"wp:attachment":[{"href":"https:\/\/curit.dk\/en\/wp-json\/wp\/v2\/media?parent=3457"}],"curies":[{"name":"wp","href":"https:\/\/api.w.org\/{rel}","templated":true}]}}